{"id":95,"date":"2025-06-23T15:17:25","date_gmt":"2025-06-23T15:17:25","guid":{"rendered":"https:\/\/mindandspiritdays.com\/?page_id=95"},"modified":"2026-03-25T10:52:50","modified_gmt":"2026-03-25T09:52:50","slug":"aussteller","status":"publish","type":"page","link":"https:\/\/mindandspiritdays.com\/?page_id=95","title":{"rendered":"Aussteller"},"content":{"rendered":"\n<p>Der Hallenplan und die Belegung der Aussteller sind unter <a href=\"https:\/\/mindandspiritdays.com\/?page_id=203\" data-type=\"page\" data-id=\"203\">Veranstaltung \/ Festhalle Willisau <\/a>zu finden.<\/p>\n\n\n\n<hr class=\"wp-block-separator has-alpha-channel-opacity has-electric-grass-gradient-background has-background\"\/>\n\n\n\n<p><strong>Amb\u00fchl Maria &amp; Hinniger Felix <\/strong>&#8211; <a href=\"http:\/\/felix-art.ch\" data-type=\"link\" data-id=\"felix-art.ch\" target=\"_blank\" rel=\"noreferrer noopener nofollow\">felix-art.ch<br><\/a>Betonfiguren<\/p>\n\n\n\n<hr class=\"wp-block-separator has-alpha-channel-opacity has-electric-grass-gradient-background has-background\"\/>\n\n\n\n<p><strong>Berengeno Yvonne<\/strong> &#8211; <a href=\"https:\/\/www.holistic-care.online\/\" target=\"_blank\" rel=\"noreferrer noopener nofollow\">holistic-care.online<\/a><br>Gesundheit, Aktivierung der Selbstheilumgskr\u00e4fte durch Hypnose, Ohrakupunktur und EmotionCode<\/p>\n\n\n\n<hr class=\"wp-block-separator has-alpha-channel-opacity has-electric-grass-gradient-background has-background\"\/>\n\n\n\n<p><strong>Bislin Luzia<\/strong> &#8211; <a href=\"http:\/\/www.luziabislin.ch\/\" target=\"_blank\" rel=\"noreferrer noopener nofollow\">luziabislin.ch<\/a><br>Achtsamkeitspraxis Luzia Bislin, mit Dentosophie, Meditationen<\/p>\n\n\n\n<hr class=\"wp-block-separator has-alpha-channel-opacity has-electric-grass-gradient-background has-background\"\/>\n\n\n\n<p><strong>Cicchini Sandra<\/strong> &#8211; <a href=\"https:\/\/www.coaching-kleeblatt.ch\/\" target=\"_blank\" rel=\"noreferrer noopener nofollow\">coaching-kleeblatt.ch<\/a><br>Schicksalsanalytische Beratung\/Coaching, Somatic Experiencing, intuitives Trance-Healing, Ergotherapie<\/p>\n\n\n\n<hr class=\"wp-block-separator has-alpha-channel-opacity has-electric-grass-gradient-background has-background\"\/>\n\n\n\n<p><strong>Claude Nathalie<\/strong> &#8211; <a href=\"http:\/\/www.resonancereset.com\/\" target=\"_blank\" rel=\"noreferrer noopener nofollow\">resonancereset.com<\/a><br>Edelstein, Infundierte Quartz, Klangschalen<\/p>\n\n\n\n<hr class=\"wp-block-separator has-alpha-channel-opacity has-electric-grass-gradient-background has-background\"\/>\n\n\n\n<p><strong>Dietziker Fredy<\/strong> &#8211; <a href=\"http:\/\/baeumig-kreativ.ch\" data-type=\"link\" data-id=\"baeumig-kreativ.ch\" target=\"_blank\" rel=\"noreferrer noopener nofollow\">baeumig-kreativ.ch<\/a><br>Holzarbeit \/ &#8222;Neues Leben aus alten B\u00e4umen \u2013 vom Altholz zum Kunstwerk&#8220;, heilende Kraft der B\u00e4ume<\/p>\n\n\n\n<hr class=\"wp-block-separator has-alpha-channel-opacity has-electric-grass-gradient-background has-background\"\/>\n\n\n\n<p><strong>Egli Barbara<\/strong> &#8211; <a href=\"http:\/\/www.seelenengel.ch\/\" target=\"_blank\" rel=\"noreferrer noopener nofollow\">seelenengel.ch<\/a><br>Seelenengel und Seelenelfen aus Merinowolle<\/p>\n\n\n\n<hr class=\"wp-block-separator has-alpha-channel-opacity has-electric-grass-gradient-background has-background\"\/>\n\n\n\n<p><strong>Etterli Jeannette<\/strong> &#8211; Steine mit Botschaften<br>Ein Fl\u00fcstern aus dem Universum -verewigt in Stein!<br>Steine von Hand gefunden, intuitiv bemalt und energetisch aufgeladen.<\/p>\n\n\n\n<hr class=\"wp-block-separator has-alpha-channel-opacity has-electric-grass-gradient-background has-background\"\/>\n\n\n\n<p><strong>Fahler Katja<\/strong> &#8211; <a href=\"http:\/\/www.luegderguet.ch\/\" target=\"_blank\" rel=\"noreferrer noopener nofollow\">luegderguet.ch<\/a><br>\u00d6le, Diffuser, Kreatives, Energiearbeit, Reiki etc.<\/p>\n\n\n\n<hr class=\"wp-block-separator has-alpha-channel-opacity has-electric-grass-gradient-background has-background\"\/>\n\n\n\n<p><strong>Food<\/strong> &#8211; <a href=\"http:\/\/www.jaffnacurrybowl.ch\" target=\"_blank\" rel=\"noreferrer noopener nofollow\">jaffnacurrybowl.ch<\/a><br>Jaffna Curry Bowl Foodtruck: Ayurvedisch, Schweizer Fleisch, selbstgemachte Fladenbrot, Vegane Optionen, Qualit\u00e4t und Regionalit\u00e4t, Authentisch<\/p>\n\n\n\n<hr class=\"wp-block-separator has-alpha-channel-opacity has-electric-grass-gradient-background has-background\"\/>\n\n\n\n<p><strong>Food<\/strong> (Meyer Daniel) &#8211; <a href=\"http:\/\/www.buuregmachts.ch\/\" target=\"_blank\" rel=\"noreferrer noopener nofollow\">buuregmachts.ch<\/a><br>Apfelk\u00fcchlein von Buuregmachts<\/p>\n\n\n\n<hr class=\"wp-block-separator has-alpha-channel-opacity has-electric-grass-gradient-background has-background\"\/>\n\n\n\n<p><strong>Gerber Romy<\/strong> &#8211; <a href=\"http:\/\/romygerber.superpatch.com\" target=\"_blank\" rel=\"noreferrer noopener nofollow\">romygerber.superpatch.com<\/a><br>Superpatch<\/p>\n\n\n\n<hr class=\"wp-block-separator has-alpha-channel-opacity has-electric-grass-gradient-background has-background\"\/>\n\n\n\n<p><strong>Germann Amanda<\/strong> &#8211; <a href=\"https:\/\/www.das-edelweiss.com\/\" target=\"_blank\" rel=\"noreferrer noopener nofollow\">das-edelweiss.com<\/a><br>\u00c4therische D\u00fcfte \u2013 Buch \u2013 Karten<\/p>\n\n\n\n<hr class=\"wp-block-separator has-alpha-channel-opacity has-electric-grass-gradient-background has-background\"\/>\n\n\n\n<p><strong>Giannini Antonio<\/strong> &#8211; <a href=\"http:\/\/sartino.ch\/\" target=\"_blank\" rel=\"noreferrer noopener nofollow\">sartino.ch<\/a><br>Holz Kunstwerke \/ Leder Unikate<\/p>\n\n\n\n<hr class=\"wp-block-separator has-alpha-channel-opacity has-electric-grass-gradient-background has-background\"\/>\n\n\n\n<p><strong>Giger Jennifer<\/strong> &#8211; <a href=\"http:\/\/www.tierundmenschalsganzes.ch\/\" target=\"_blank\" rel=\"noreferrer noopener nofollow\">tierundmenschalsganzes.ch<\/a><br>Energetische Arbeit, Systemische Arbeit, Tierkinesiologie<\/p>\n\n\n\n<p><strong>G\u00f6ldlin Yvonne<\/strong> &#8211; <a href=\"http:\/\/yvonne-goeldlin.ch\" target=\"_blank\" rel=\"noreferrer noopener nofollow\">yvonne-goeldlin.ch<\/a><br>Pferdecoaching um die Verbindung zwischen Mensch und Pferd zu st\u00e4rken, 1:1 Coaching f\u00fcr Menschen die sich pers\u00f6nlich entfalten m\u00f6chten, Zirkelabend<\/p>\n\n\n\n<hr class=\"wp-block-separator has-alpha-channel-opacity has-electric-grass-gradient-background has-background\"\/>\n\n\n\n<p><strong>Gollmann Helmut<\/strong> &#8211; <a href=\"http:\/\/www.featherwindflutes.com\" target=\"_blank\" rel=\"noreferrer noopener nofollow\">featherwindflutes.com<\/a><br>Indianische Liebesfl\u00f6ten<\/p>\n\n\n\n<hr class=\"wp-block-separator has-alpha-channel-opacity has-electric-grass-gradient-background has-background\"\/>\n\n\n\n<p><strong>Grolimund Miriam<\/strong> &#8211; <a href=\"https:\/\/www.performplus.ch\/\" target=\"_blank\" rel=\"noreferrer noopener nofollow\">performplus.ch<\/a><br>Dein K\u00f6rper \u2013 Die Stimme Deiner inneren Wahrheit<\/p>\n\n\n\n<hr class=\"wp-block-separator has-alpha-channel-opacity has-electric-grass-gradient-background has-background\"\/>\n\n\n\n<p><strong>Hadar Loredana<\/strong> &#8211; <a href=\"http:\/\/neurolounge.ch\" data-type=\"link\" data-id=\"neurolounge.ch\" target=\"_blank\" rel=\"noreferrer noopener nofollow\">neurolounge.ch<\/a><br>Brain Mapping &#8211; Eine analytische Art, wo die Aktivit\u00e4t des Gehirns sichtbar gemacht und ein individuelles Trainingsprogramm erstellt wird. Es dient der Selbstregulation von Gehirn und Nervensystem, zur nachhaltigen mentalen Stabilit\u00e4t.<\/p>\n\n\n\n<hr class=\"wp-block-separator has-alpha-channel-opacity has-electric-grass-gradient-background has-background\"\/>\n\n\n\n<p><strong>Hagnbuchner Caroline <\/strong>&#8211; <a href=\"http:\/\/rayahealing.ch\/\" target=\"_blank\" rel=\"noreferrer noopener nofollow\">rayahealing.ch<\/a><br>Kristallklares Bewusstsein, Medium, Kristallchanneling<\/p>\n\n\n\n<hr class=\"wp-block-separator has-alpha-channel-opacity has-electric-grass-gradient-background has-background\"\/>\n\n\n\n<p><strong>Heller Maria<\/strong> &#8211; <a href=\"https:\/\/www.sacredpower.ch\/\" target=\"_blank\" rel=\"noreferrer noopener nofollow\">sacredpower.ch<\/a><br>Sacred Power \u2013 Spielgruppe f\u00fcr Kinder: Tanz der Gef\u00fchle, Sacred Power Kollektiv: Veranstaltung f\u00fcr Gruppenmeditation zur Herz\u00f6ffnung \u2013 Energiearbeit, Embodiment, Ayurveda Therapie<\/p>\n\n\n\n<hr class=\"wp-block-separator has-alpha-channel-opacity has-electric-grass-gradient-background has-background\"\/>\n\n\n\n<p><strong>Heller Eugen<\/strong> &#8211; <a href=\"https:\/\/www.eugenheller.com\" target=\"_blank\" rel=\"noreferrer noopener nofollow\"><\/a><a href=\"http:\/\/www.eugenheller.com\/\">eugenheller.com<\/a><br>Fotograf<\/p>\n\n\n\n<hr class=\"wp-block-separator has-alpha-channel-opacity has-electric-grass-gradient-background has-background\"\/>\n\n\n\n<p><strong>Hoch Barbara<\/strong> &#8211; <a href=\"https:\/\/barbarahoch.ch\" target=\"_blank\" rel=\"noreferrer noopener nofollow\">barbarahoch.ch<\/a><br>NeuroGraphik-Kurse und Coaching, traumasensible Begleitung in allen Lebenslagen, Frauenkreise und Meditationsabende<\/p>\n\n\n\n<hr class=\"wp-block-separator has-alpha-channel-opacity has-electric-grass-gradient-background has-background\"\/>\n\n\n\n<p><strong>Holdener Cornelia<\/strong> &#8211; Zwirbel-Zwerg<br>M\u00e4rchenwelt aus Filz<\/p>\n\n\n\n<hr class=\"wp-block-separator has-alpha-channel-opacity has-electric-grass-gradient-background has-background\"\/>\n\n\n\n<p><strong>H\u00fcbscher Jolanda<\/strong> &#8211; Lichtheilmedium<br>Lichtheilmedium, Seelenbotschafterin, Lichtkanal f\u00fcr Heilenergie zum h\u00f6chsten Wohl von Mensch und Tier, Energiebilder<\/p>\n\n\n\n<hr class=\"wp-block-separator has-alpha-channel-opacity has-electric-grass-gradient-background has-background\"\/>\n\n\n\n<p><strong>Jeger Pia Margareta &amp; Fridolin<\/strong> &#8211; <a href=\"https:\/\/sternentor.wixsite.com\/sein\" target=\"_blank\" rel=\"noreferrer noopener nofollow\">sternentor.wixsite.com\/sein<\/a><br>Essenzen \u2013 Massage\u00f6le \u2013 Raumspray&#8217;s von Engeln, B\u00e4umen, EinsSein, Wohlf\u00fchlen, FabelHaften (Gnome \u2013 Einh\u00f6rner \u2013 Elfen \u2013 Drachen \u2013 Delphine \u2013 Meerjungfauen etc.) und dazu passende B\u00fcchlein und Karten<\/p>\n\n\n\n<hr class=\"wp-block-separator has-alpha-channel-opacity has-electric-grass-gradient-background has-background\"\/>\n\n\n\n<p><strong>Jenni Silvia <\/strong>&#8211; <a href=\"http:\/\/die-naturcoiffeuse.ch\" data-type=\"link\" data-id=\"die-naturcoiffeuse.ch\" target=\"_blank\" rel=\"noreferrer noopener nofollow\">die-naturcoiffeuse.ch<\/a><br>Als&nbsp;energetisch arbeitende Naturcoiffeuse unterst\u00fctze ich dich, deine innere Sch\u00f6nheit im Aussen zu manifestieren. Ich helfe dir, den Style zu finden, der deine Pers\u00f6nlichkeit ausdr\u00fcckt und dein Selbstbewusstsein st\u00e4rkt.&nbsp;<\/p>\n\n\n\n<hr class=\"wp-block-separator has-alpha-channel-opacity has-electric-grass-gradient-background has-background\"\/>\n\n\n\n<p><strong>Jordi Tanja<\/strong> &#8211; <a href=\"http:\/\/www.artanja.ch\" target=\"_blank\" rel=\"noreferrer noopener nofollow\">artanja.ch<\/a><br>Kunst die Farben spricht!<br>Chakren- und Energiebilder<\/p>\n\n\n\n<hr class=\"wp-block-separator has-alpha-channel-opacity has-electric-grass-gradient-background has-background\"\/>\n\n\n\n<p><strong>Keller Rosemarie<\/strong> &#8211; <a href=\"https:\/\/bewusst-haareschneiden.ch\" data-type=\"link\" data-id=\"https:\/\/bewusst-haareschneiden.ch\" target=\"_blank\" rel=\"noreferrer noopener nofollow\">bewusst-haareschneiden.ch<\/a>, <a href=\"http:\/\/www.quellenliebe.ch\" data-type=\"link\" data-id=\"www.quellenliebe.ch\" target=\"_blank\" rel=\"noreferrer noopener nofollow\">quellenliebe.ch<\/a><br>Energetisches Haarek\u00e4men, Aromakamm, Bachbl\u00fcten Essenzen<\/p>\n\n\n\n<hr class=\"wp-block-separator has-alpha-channel-opacity has-electric-grass-gradient-background has-background\"\/>\n\n\n\n<p><strong>Kun Cristian<\/strong> &#8211; <a href=\"http:\/\/www.zahnarztck.ch\/\" target=\"_blank\" rel=\"noreferrer noopener nofollow\">zahnarztck.ch<\/a><br>Zahnarztpraxis, menschlich, modern, neuste Technologie. Um h\u00f6chste Qualit\u00e4tsstandards zu erreichen und der Mensch bei uns als Ganzes betrachtet wird, arbeiten wir interdisziplin\u00e4r mit ganzheitlichen Therapeuten zusammen.<\/p>\n\n\n\n<hr class=\"wp-block-separator has-alpha-channel-opacity has-electric-grass-gradient-background has-background\"\/>\n\n\n\n<p><strong>K\u00fchne<\/strong> <strong>Elvira<\/strong> &#8211; <a href=\"http:\/\/natur-ek.ch\/\" target=\"_blank\" rel=\"noreferrer noopener nofollow\">natur-ek.ch<\/a><br>Energie der Natur und Mediale Arbeiten mit Menschen und Tieren<\/p>\n\n\n\n<hr class=\"wp-block-separator has-alpha-channel-opacity has-electric-grass-gradient-background has-background\"\/>\n\n\n\n<p><strong>Kurmann Manuel<\/strong> &#8211; <a href=\"http:\/\/manuel-kurmann.ch\/\" target=\"_blank\" rel=\"noreferrer noopener nofollow\">manuel-kurmann.ch<\/a><br>Coaching \/ Ruhe im Kopf- Endlich wieder Tr\u00e4umen<\/p>\n\n\n\n<hr class=\"wp-block-separator has-alpha-channel-opacity has-electric-grass-gradient-background has-background\"\/>\n\n\n\n<p><strong>Lerchenm\u00fcller Susanne<\/strong> &#8211; <a href=\"https:\/\/www.donner-ross.ch\/\" target=\"_blank\" rel=\"noreferrer noopener nofollow\">donner-ross.ch<\/a><br>Schamanentrommeln, Trommeltaschen, Rasseln, R\u00e4ucherf\u00e4cher, Dream Catcher<\/p>\n\n\n\n<hr class=\"wp-block-separator has-alpha-channel-opacity has-electric-grass-gradient-background has-background\"\/>\n\n\n\n<p><strong>L\u00fcthi Jacqueline<\/strong> &#8211; <a href=\"http:\/\/www.spirit-orchidea.ch\/\" target=\"_blank\" rel=\"noreferrer noopener nofollow\">spirit-orchidea.ch<\/a><br>Energiearbeit, L\u00f6sli ziehen, Mandalas durch Kunden bemalen lassen und dann deuten, Karten legen, Heilbehadlungen vor Ort, Traumdeutungen, NLP (neurolinguistisches Programmieren) bei Panikattacken, Traumas etc.<\/p>\n\n\n\n<hr class=\"wp-block-separator has-alpha-channel-opacity has-electric-grass-gradient-background has-background\"\/>\n\n\n\n<p><strong>Marti Beat<\/strong> &#8211; @drachensturm_schamanismus<br>Schamanismus, vorstellen Zenting, Trommeln und Trommelbau, Rasseln<\/p>\n\n\n\n<hr class=\"wp-block-separator has-alpha-channel-opacity has-electric-grass-gradient-background has-background\"\/>\n\n\n\n<p><strong>Marti Steve<\/strong> &#8211; <a href=\"http:\/\/www.praxis-im-freiamt.com\/\" target=\"_blank\" rel=\"noreferrer noopener nofollow\">praxis-im-freiamt.com<\/a><br>Schamanismus, vorstellen Zenting, Trommeln und Trommelbau, Rasseln, Logop\u00e4die<\/p>\n\n\n\n<hr class=\"wp-block-separator has-alpha-channel-opacity has-electric-grass-gradient-background has-background\"\/>\n\n\n\n<p><strong>M\u00fchlemann Ruth<\/strong> &#8211; <a href=\"http:\/\/www.rumyarts.ch\/\" target=\"_blank\" rel=\"noreferrer noopener nofollow\">rumyarts.ch<\/a><br>Edelsteine, Edelsteinschmuck, Schmuck aus Silberbesteck<\/p>\n\n\n\n<hr class=\"wp-block-separator has-alpha-channel-opacity has-electric-grass-gradient-background has-background\"\/>\n\n\n\n<p><strong>M\u00fcller-Zihlmann Astrid<\/strong> &#8211; <a href=\"http:\/\/www.medialsensitiv.ch\/\" target=\"_blank\" rel=\"noreferrer noopener nofollow\">medialsensitiv.ch<\/a><br>Energetik, lesen im Feld, ganzheitliche Gesundheit, Klarheit auf der Lebensb\u00fchne<\/p>\n\n\n\n<hr class=\"wp-block-separator has-alpha-channel-opacity has-electric-grass-gradient-background has-background\"\/>\n\n\n\n<p><strong>Pfister Pia<\/strong> &#8211; <a href=\"http:\/\/piavital.ch\/\" target=\"_blank\" rel=\"noreferrer noopener nofollow\">piavital.ch<\/a><br>Energiebewahrendes N\u00e4hen, Wildkr\u00e4uter Wanderung, Wasserfilter &#8222;to go&#8220;<\/p>\n\n\n\n<hr class=\"wp-block-separator has-alpha-channel-opacity has-electric-grass-gradient-background has-background\"\/>\n\n\n\n<p><strong>Pierre Claudia<\/strong>   &#8211;   <a href=\"http:\/\/spiritwings-heilraum.de\" target=\"_blank\" rel=\"noreferrer noopener nofollow\">spiritwings-heilraum.de<\/a><br>Heilerin, Schamanin, Medium, Reikimeisterin- und Lehrerin, Tierkommunikatorin, sowie ihr Angebot<\/p>\n\n\n\n<hr class=\"wp-block-separator has-alpha-channel-opacity has-electric-grass-gradient-background has-background\"\/>\n\n\n\n<p><strong>Reichhart Birgit, Dubach Janine, Koch Ruth<\/strong> &#8211; <a href=\"https:\/\/apowill.ch\/gesundheitszentrum\/\" target=\"_blank\" rel=\"noreferrer noopener nofollow\">apowill.ch\/gesundheitszentrum<\/a><br>Gesundheitszentrum Willisau (TCM, Shiatsu, Traumatherapie, Atemtherapie, Meditation)<\/p>\n\n\n\n<hr class=\"wp-block-separator has-alpha-channel-opacity has-electric-grass-gradient-background has-background\"\/>\n\n\n\n<p><strong>Rigert Cornelia<\/strong> &#8211; <a href=\"http:\/\/www.naturaespirit.ch\" target=\"_blank\" rel=\"noreferrer noopener nofollow\">naturaespirit.ch<\/a><br>Schamanische Heilung mit dem Wesen und der Kraft von achtsam ausgew\u00e4hlten, gesammelten und verarbeiteten Pflanzen (Salben, R\u00e4uchermischungen ect.)<\/p>\n\n\n\n<hr class=\"wp-block-separator has-alpha-channel-opacity has-electric-grass-gradient-background has-background\"\/>\n\n\n\n<p><strong>Roth Petra &amp; Simonet Theres<\/strong> &#8211; Handanalysen<br>Handanalysen &#8211; Kurzanalyse deiner Hand<\/p>\n\n\n\n<hr class=\"wp-block-separator has-alpha-channel-opacity has-electric-grass-gradient-background has-background\"\/>\n\n\n\n<p><strong>Scheuermeier Sonja<\/strong> &#8211; <a href=\"https:\/\/traumwerkstatt-sonja.jimdofree.com\/\" target=\"_blank\" rel=\"noreferrer noopener nofollow\">traumwerkstatt-sonja.jimdofree.com<\/a><br>Kreativit\u00e4t, von Schmuck bis Filzen<\/p>\n\n\n\n<hr class=\"wp-block-separator has-alpha-channel-opacity has-electric-grass-gradient-background has-background\"\/>\n\n\n\n<p><strong>Schluep Irene<\/strong> &#8211; Kangenwasser<br>Kangenwasser<\/p>\n\n\n\n<hr class=\"wp-block-separator has-alpha-channel-opacity has-electric-grass-gradient-background has-background\"\/>\n\n\n\n<p><strong>Schmid Bruno<\/strong> &#8211; <a href=\"https:\/\/zentrum-schmid.ch\" target=\"_blank\" rel=\"noreferrer noopener nofollow\">zentrum-schmid.ch<\/a><br>Seelenbilder, mediale Kunst, MalSeminare, Workshops &amp; Events<\/p>\n\n\n\n<hr class=\"wp-block-separator has-alpha-channel-opacity has-electric-grass-gradient-background has-background\"\/>\n\n\n\n<p><strong>Schmid Myriam<\/strong> &#8211; <a href=\"https:\/\/zentrum-schmid.ch\" target=\"_blank\" rel=\"noreferrer noopener nofollow\">zentrum-schmid.ch<\/a><br>Craniosacral-Therapie, nonverbale Hypnose, ganzheitliche Beratungen, Edelstein Amulette und pers\u00f6nliche Seelenketten<\/p>\n\n\n\n<hr class=\"wp-block-separator has-alpha-channel-opacity has-electric-grass-gradient-background has-background\"\/>\n\n\n\n<p><strong>Stoli GmbH<\/strong> &#8211; <a href=\"https:\/\/stoli.ch\" target=\"_blank\" rel=\"noreferrer noopener nofollow\">stoli.ch<\/a><br>Einzigartige N\u00fcsse<\/p>\n\n\n\n<hr class=\"wp-block-separator has-alpha-channel-opacity has-electric-grass-gradient-background has-background\"\/>\n\n\n\n<p><strong>SVNH<\/strong>&nbsp;\u2013&nbsp;<a href=\"http:\/\/svnh.ch\" target=\"_blank\" rel=\"noreferrer noopener nofollow\">svnh.ch<\/a><br>Der SVNH (Schweizerischer Verband f\u00fcr nat\u00fcrliches Heilen) \u2013 Das Zuhause der nat\u00fcrlichen Heilmethoden, vertreten durch Freudiger Daniel&nbsp;(Pr\u00e4sident) und  Remund Katharina<\/p>\n\n\n\n<hr class=\"wp-block-separator has-alpha-channel-opacity has-electric-grass-gradient-background has-background\"\/>\n\n\n\n<p><strong>van de Velde Hampi<\/strong> &#8211; <a href=\"http:\/\/www.trancehealing.ch\/\" target=\"_blank\" rel=\"noreferrer noopener nofollow\">trancehealing.ch<\/a><br>Heilmedium, spiritueller Lehrer und Autor, der auf &#8222;Trance Healing&#8220; spezialisiert ist.<br>Zudem ist er Herausgeber der Zeitschrift &#8222;Der Fl\u00fcgelschlag&#8220;. In diesem Magazin f\u00f6rdert er den Austausch \u00fcber spirituelle und ganzheitliche Heilmethoden.<\/p>\n\n\n\n<hr class=\"wp-block-separator has-alpha-channel-opacity has-electric-grass-gradient-background has-background\"\/>\n\n\n\n<p><strong>Voegelin Doris<\/strong> &#8211; <br>Du hast nur eine Gesundheit.&nbsp;Dein K\u00f6rper ist dein einziges Zuhause.&nbsp;Er verdient deine Aufmerksamkeit. Symptome r\u00fctteln uns wach.&nbsp;Innovation heisst&nbsp;testbasierte&nbsp;Fr\u00fcherkennung.<\/p>\n\n\n\n<hr class=\"wp-block-separator has-alpha-channel-opacity has-electric-grass-gradient-background has-background\"\/>\n\n\n\n<p><strong>von Arx Bernadette<\/strong> &#8211; anders HINSCHAUEN<br>Vermittlerin zwischen den Welten<\/p>\n\n\n\n<hr class=\"wp-block-separator has-alpha-channel-opacity has-electric-grass-gradient-background has-background\"\/>\n\n\n\n<p><strong>Walther Monika<\/strong> &#8211; <a href=\"https:\/\/www.praxis-herzbotin.ch\/\" target=\"_blank\" rel=\"noreferrer noopener nofollow\">praxis-herzbotin.ch<\/a><br>NEURODINGS Kursangebote<\/p>\n\n\n\n<hr class=\"wp-block-separator has-alpha-channel-opacity has-electric-grass-gradient-background has-background\"\/>\n\n\n\n<p><strong>Wespi<\/strong> <strong>Eveline<\/strong> &#8211; Quantum Lifestyle<br>Quantum Lifestyle<br><em>Frequenzkarte &amp; Frequenz-Hologramme<\/em><\/p>\n\n\n\n<hr class=\"wp-block-separator has-alpha-channel-opacity has-electric-grass-gradient-background has-background\"\/>\n\n\n\n<p><strong>Wittwer Adelheid<\/strong> &#8211; <a href=\"http:\/\/www.prime-life.ch\/\" target=\"_blank\" rel=\"noreferrer noopener nofollow\">prime-life.ch<\/a><br>Bio Aromaspray mit Edelsteinchen \/ Buch Abenteuerreise Corona<\/p>\n\n\n\n<hr class=\"wp-block-separator has-alpha-channel-opacity has-electric-grass-gradient-background has-background\"\/>\n\n\n\n<p><strong>Zemp Bernhard<\/strong> &#8211; <a href=\"http:\/\/www.xn--zumirzurck-heb.ch\/\" target=\"_blank\" rel=\"noreferrer noopener nofollow\">zumirzur\u00fcck.ch<\/a><br>Coach f\u00fcr R\u00fcckf\u00fchrungen und Lebensfragen<\/p>\n\n\n\n<hr class=\"wp-block-separator has-alpha-channel-opacity has-electric-grass-gradient-background has-background\"\/>\n\n\n\n<p><strong>Zobrist Christine<\/strong> &#8211; <a href=\"http:\/\/www.ikouna.ch\/\" target=\"_blank\" rel=\"noreferrer noopener nofollow\">ikouna.ch<\/a><br>Ganzheitliche&nbsp;Tierkommunikation &amp;&nbsp;Tierenergetik, SeelenWegBegleitung, Bachbl\u00fcten Essenzen,&nbsp;\u00e4therische&nbsp;\u00d6le,&nbsp;Vitalpilzen&nbsp;und&nbsp;vieles&nbsp;mehr.<\/p>\n\n\n\n<hr class=\"wp-block-separator has-alpha-channel-opacity has-electric-grass-gradient-background has-background\"\/>\n\n\n\n<p><strong>Zurkirchen Beatrix<\/strong> &#8211; Seelenh\u00e4uschen<br>Dein pers\u00f6nliches Seelenh\u00e4uschen<\/p>\n\n\n\n<hr class=\"wp-block-separator has-alpha-channel-opacity has-electric-grass-gradient-background has-background\"\/>\n\n\n\n<p><\/p>\n","protected":false},"excerpt":{"rendered":"<p>Der Hallenplan und die Belegung der Aussteller sind unter Veranstaltung \/ Festhalle Willisau zu finden. Amb\u00fchl Maria &amp; Hinniger Felix &#8211; felix-art.chBetonfiguren Berengeno Yvonne &#8211; holistic-care.onlineGesundheit, Aktivierung der Selbstheilumgskr\u00e4fte durch Hypnose, Ohrakupunktur und EmotionCode Bislin Luzia &#8211; luziabislin.chAchtsamkeitspraxis Luzia Bislin, mit Dentosophie, Meditationen Cicchini Sandra &#8211; coaching-kleeblatt.chSchicksalsanalytische Beratung\/Coaching, Somatic Experiencing, intuitives Trance-Healing, Ergotherapie Claude Nathalie &hellip; <\/p>\n<p class=\"link-more\"><a href=\"https:\/\/mindandspiritdays.com\/?page_id=95\" class=\"more-link\"><span class=\"screen-reader-text\">\u201eAussteller\u201c<\/span> weiterlesen<\/a><\/p>\n","protected":false},"author":1,"featured_media":0,"parent":0,"menu_order":0,"comment_status":"closed","ping_status":"closed","template":"","meta":{"footnotes":""},"class_list":["post-95","page","type-page","status-publish","hentry"],"_links":{"self":[{"href":"https:\/\/mindandspiritdays.com\/index.php?rest_route=\/wp\/v2\/pages\/95","targetHints":{"allow":["GET"]}}],"collection":[{"href":"https:\/\/mindandspiritdays.com\/index.php?rest_route=\/wp\/v2\/pages"}],"about":[{"href":"https:\/\/mindandspiritdays.com\/index.php?rest_route=\/wp\/v2\/types\/page"}],"author":[{"embeddable":true,"href":"https:\/\/mindandspiritdays.com\/index.php?rest_route=\/wp\/v2\/users\/1"}],"replies":[{"embeddable":true,"href":"https:\/\/mindandspiritdays.com\/index.php?rest_route=%2Fwp%2Fv2%2Fcomments&post=95"}],"version-history":[{"count":128,"href":"https:\/\/mindandspiritdays.com\/index.php?rest_route=\/wp\/v2\/pages\/95\/revisions"}],"predecessor-version":[{"id":832,"href":"https:\/\/mindandspiritdays.com\/index.php?rest_route=\/wp\/v2\/pages\/95\/revisions\/832"}],"wp:attachment":[{"href":"https:\/\/mindandspiritdays.com\/index.php?rest_route=%2Fwp%2Fv2%2Fmedia&parent=95"}],"curies":[{"name":"wp","href":"https:\/\/api.w.org\/{rel}","templated":true}]}}