{"id":684,"date":"2026-02-26T16:56:11","date_gmt":"2026-02-26T15:56:11","guid":{"rendered":"https:\/\/mindandspiritdays.com\/?page_id=684"},"modified":"2026-04-16T15:36:33","modified_gmt":"2026-04-16T14:36:33","slug":"flyer","status":"publish","type":"page","link":"https:\/\/mindandspiritdays.com\/?page_id=684","title":{"rendered":"Downloads"},"content":{"rendered":"\n<h3 class=\"wp-block-heading\">Mind and Spirit Song<\/h3>\n\n\n\n<p>Ein Highlight der Mind and Spirit Days ist unser Song, der extra f\u00fcr diese Messe generiert wurde. L\u00fcpfig, frisch, ansteckend und gibt gute Laune.<\/p>\n\n\n\n<div class=\"wp-block-file\"><a id=\"wp-block-file--media-b1b89cdc-0f7b-4932-9123-cfb4b72d889f\" href=\"https:\/\/mindandspiritdays.com\/wp-content\/uploads\/2026\/04\/MindAndSpiritDays_Song.mp3\">MindAndSpiritDays_Song (mp3)<\/a><a href=\"https:\/\/mindandspiritdays.com\/wp-content\/uploads\/2026\/04\/MindAndSpiritDays_Song.mp3\" class=\"wp-block-file__button wp-element-button\" download aria-describedby=\"wp-block-file--media-b1b89cdc-0f7b-4932-9123-cfb4b72d889f\">Herunterladen<\/a><\/div>\n\n\n\n<hr class=\"wp-block-separator has-alpha-channel-opacity has-electric-grass-gradient-background has-background\"\/>\n\n\n\n<h3 class=\"wp-block-heading\">Flyer<\/h3>\n\n\n\n<p>Zurzeit keine aktuellen verf\u00fcgbar.<\/p>\n\n\n\n<h3 class=\"wp-block-heading\">Vergangene Flyer<\/h3>\n\n\n\n<p>Unser Flyer der ersten Mind and Spirit Days vom 27. bis 29. M\u00e4rz 2026:<\/p>\n\n\n\n<div data-wp-interactive=\"core\/file\" class=\"wp-block-file\"><object data-wp-bind--hidden=\"!state.hasPdfPreview\" hidden class=\"wp-block-file__embed\" data=\"https:\/\/mindandspiritdays.com\/wp-content\/uploads\/2026\/02\/Flyer_MindAndSpiritDays_202603.pdf\" type=\"application\/pdf\" style=\"width:100%;height:890px\" aria-label=\"Einbettung von Flyer der Mind and Spirit Days vom M\u00e4rz 2026.\"><\/object><a id=\"wp-block-file--media-f310399c-723c-42a3-8af1-97a9593a3487\" href=\"https:\/\/mindandspiritdays.com\/wp-content\/uploads\/2026\/02\/Flyer_MindAndSpiritDays_202603.pdf\">Flyer der Mind and Spirit Days vom M\u00e4rz 2026<\/a><a href=\"https:\/\/mindandspiritdays.com\/wp-content\/uploads\/2026\/02\/Flyer_MindAndSpiritDays_202603.pdf\" class=\"wp-block-file__button wp-element-button\" download aria-describedby=\"wp-block-file--media-f310399c-723c-42a3-8af1-97a9593a3487\">Herunterladen<\/a><\/div>\n\n\n\n<p><\/p>\n","protected":false},"excerpt":{"rendered":"<p>Mind and Spirit Song Ein Highlight der Mind and Spirit Days ist unser Song, der extra f\u00fcr diese Messe generiert wurde. L\u00fcpfig, frisch, ansteckend und gibt gute Laune. Flyer Zurzeit keine aktuellen verf\u00fcgbar. Vergangene Flyer Unser Flyer der ersten Mind and Spirit Days vom 27. bis 29. M\u00e4rz 2026:<\/p>\n","protected":false},"author":1,"featured_media":0,"parent":0,"menu_order":0,"comment_status":"closed","ping_status":"closed","template":"","meta":{"footnotes":""},"class_list":["post-684","page","type-page","status-publish","hentry"],"_links":{"self":[{"href":"https:\/\/mindandspiritdays.com\/index.php?rest_route=\/wp\/v2\/pages\/684","targetHints":{"allow":["GET"]}}],"collection":[{"href":"https:\/\/mindandspiritdays.com\/index.php?rest_route=\/wp\/v2\/pages"}],"about":[{"href":"https:\/\/mindandspiritdays.com\/index.php?rest_route=\/wp\/v2\/types\/page"}],"author":[{"embeddable":true,"href":"https:\/\/mindandspiritdays.com\/index.php?rest_route=\/wp\/v2\/users\/1"}],"replies":[{"embeddable":true,"href":"https:\/\/mindandspiritdays.com\/index.php?rest_route=%2Fwp%2Fv2%2Fcomments&post=684"}],"version-history":[{"count":10,"href":"https:\/\/mindandspiritdays.com\/index.php?rest_route=\/wp\/v2\/pages\/684\/revisions"}],"predecessor-version":[{"id":929,"href":"https:\/\/mindandspiritdays.com\/index.php?rest_route=\/wp\/v2\/pages\/684\/revisions\/929"}],"wp:attachment":[{"href":"https:\/\/mindandspiritdays.com\/index.php?rest_route=%2Fwp%2Fv2%2Fmedia&parent=684"}],"curies":[{"name":"wp","href":"https:\/\/api.w.org\/{rel}","templated":true}]}}