{"id":359,"date":"2025-10-20T10:51:39","date_gmt":"2025-10-20T09:51:39","guid":{"rendered":"https:\/\/mindandspiritdays.com\/?page_id=359"},"modified":"2026-03-25T11:09:52","modified_gmt":"2026-03-25T10:09:52","slug":"programm-27-bis-29-maerz-2026","status":"publish","type":"page","link":"https:\/\/mindandspiritdays.com\/?page_id=359","title":{"rendered":"Fachvortr\u00e4ge und Pr\u00e4sentationen w\u00e4hrend der Messe"},"content":{"rendered":"\n<p>Freuen sie sich auf tolle Vortr\u00e4ge und Pr\u00e4sentationen unserer Aussteller. Weiter unten sind mehr Details zu den einzelnen Themen der Vortragenden ersichtlich.<\/p>\n\n\n<div class=\"wp-block-image\">\n<figure class=\"aligncenter size-large\"><img loading=\"lazy\" decoding=\"async\" width=\"724\" height=\"1024\" src=\"https:\/\/mindandspiritdays.com\/wp-content\/uploads\/2026\/03\/Vortragsprogramm_1-1-724x1024.jpg\" alt=\"\" class=\"wp-image-833\" srcset=\"https:\/\/mindandspiritdays.com\/wp-content\/uploads\/2026\/03\/Vortragsprogramm_1-1-724x1024.jpg 724w, https:\/\/mindandspiritdays.com\/wp-content\/uploads\/2026\/03\/Vortragsprogramm_1-1-212x300.jpg 212w, https:\/\/mindandspiritdays.com\/wp-content\/uploads\/2026\/03\/Vortragsprogramm_1-1-768x1086.jpg 768w, https:\/\/mindandspiritdays.com\/wp-content\/uploads\/2026\/03\/Vortragsprogramm_1-1-1086x1536.jpg 1086w, https:\/\/mindandspiritdays.com\/wp-content\/uploads\/2026\/03\/Vortragsprogramm_1-1-1448x2048.jpg 1448w, https:\/\/mindandspiritdays.com\/wp-content\/uploads\/2026\/03\/Vortragsprogramm_1-1.jpg 1587w\" sizes=\"auto, (max-width: 724px) 100vw, 724px\" \/><\/figure>\n<\/div>\n\n\n<figure class=\"wp-block-image size-large\"><img loading=\"lazy\" decoding=\"async\" width=\"724\" height=\"1024\" src=\"https:\/\/mindandspiritdays.com\/wp-content\/uploads\/2026\/03\/Vortragsprogramm_2-724x1024.jpg\" alt=\"\" class=\"wp-image-786\" srcset=\"https:\/\/mindandspiritdays.com\/wp-content\/uploads\/2026\/03\/Vortragsprogramm_2-724x1024.jpg 724w, https:\/\/mindandspiritdays.com\/wp-content\/uploads\/2026\/03\/Vortragsprogramm_2-212x300.jpg 212w, https:\/\/mindandspiritdays.com\/wp-content\/uploads\/2026\/03\/Vortragsprogramm_2-768x1086.jpg 768w, https:\/\/mindandspiritdays.com\/wp-content\/uploads\/2026\/03\/Vortragsprogramm_2-1086x1536.jpg 1086w, https:\/\/mindandspiritdays.com\/wp-content\/uploads\/2026\/03\/Vortragsprogramm_2.jpg 1190w\" sizes=\"auto, (max-width: 724px) 100vw, 724px\" \/><\/figure>\n\n\n\n<figure class=\"wp-block-image size-large\"><img loading=\"lazy\" decoding=\"async\" width=\"724\" height=\"1024\" src=\"https:\/\/mindandspiritdays.com\/wp-content\/uploads\/2026\/03\/Vortragsprogramm_3-724x1024.jpg\" alt=\"\" class=\"wp-image-787\" srcset=\"https:\/\/mindandspiritdays.com\/wp-content\/uploads\/2026\/03\/Vortragsprogramm_3-724x1024.jpg 724w, https:\/\/mindandspiritdays.com\/wp-content\/uploads\/2026\/03\/Vortragsprogramm_3-212x300.jpg 212w, https:\/\/mindandspiritdays.com\/wp-content\/uploads\/2026\/03\/Vortragsprogramm_3-768x1086.jpg 768w, https:\/\/mindandspiritdays.com\/wp-content\/uploads\/2026\/03\/Vortragsprogramm_3-1086x1536.jpg 1086w, https:\/\/mindandspiritdays.com\/wp-content\/uploads\/2026\/03\/Vortragsprogramm_3.jpg 1190w\" sizes=\"auto, (max-width: 724px) 100vw, 724px\" \/><\/figure>\n\n\n\n<p><\/p>\n\n\n\n<h2 class=\"wp-block-heading\">Programm-Details<\/h2>\n\n\n\n<hr class=\"wp-block-separator has-alpha-channel-opacity has-electric-grass-gradient-background has-background\"\/>\n\n\n\n<p><strong>Berengeno Yvonne<\/strong> &#8211; <a href=\"https:\/\/www.holistic-care.online\/\" target=\"_blank\" rel=\"noreferrer noopener nofollow\">holistic-care.online<\/a><br>Selbstheilung beginnt im Bewusstsein (Sa) \u2013 <em>wie dein innerer Zustand dein K\u00f6rper beeinflusst<\/em>.<br>Dein innerer Zustand als Kraftfeld (So) &#8211; <em>wie du dein Umfeld positiv beeinflusst<\/em>.<\/p>\n\n\n\n<hr class=\"wp-block-separator has-alpha-channel-opacity has-electric-grass-gradient-background has-background\"\/>\n\n\n\n<p><strong>Bucher Andreas<\/strong> &#8211; <a href=\"http:\/\/romygerber.superpatch.com\" target=\"_blank\" rel=\"noreferrer noopener nofollow\">romygerber.superpatch.com<\/a><br>Pflaster ohne Inhaltsstoff &#8211; <em>Vorstellen der Firma und Produkte<\/em>.<\/p>\n\n\n\n<hr class=\"wp-block-separator has-alpha-channel-opacity has-electric-grass-gradient-background has-background\"\/>\n\n\n\n<p><strong>Claude Nathalie<\/strong> &#8211; <a href=\"http:\/\/www.resonancereset.com\/\" target=\"_blank\" rel=\"noreferrer noopener nofollow\">resonancereset.com<\/a><br>Musikalische Harmonie, Frequenzen und Entrainment im Soundhealing<br><em>Warum pr\u00e4zise Stimmung bei Instrumenten einen Unterschied macht. Es geht um die Grundlagen von Klang und Frequenz und darum, warum pr\u00e4zise gestimmte Instrumente eine so starke Wirkung entfalten k\u00f6nnen. Nathalie Claude erkl\u00e4rt, was Frequenzen eigentlich sind, wie T\u00f6ne miteinander interagieren und welche Rolle Obert\u00f6ne, Stimmung und Resonanz dabei haben.<\/em><\/p>\n\n\n\n<hr class=\"wp-block-separator has-alpha-channel-opacity has-electric-grass-gradient-background has-background\"\/>\n\n\n\n<p><strong>Freudiger Daniel<\/strong> <strong>&amp; Remund Katharina<\/strong> &#8211; <a href=\"http:\/\/svnh.ch\" target=\"_blank\" rel=\"noreferrer noopener nofollow\">svnh.ch<\/a><br>Der SVNH &#8211; Das Zuhause der nat\u00fcrlichen Heilmethoden<\/p>\n\n\n\n<hr class=\"wp-block-separator has-alpha-channel-opacity has-electric-grass-gradient-background has-background\"\/>\n\n\n\n<p><strong>Germann Amanda<\/strong> &#8211; <a href=\"https:\/\/www.das-edelweiss.com\/\" target=\"_blank\" rel=\"noreferrer noopener nofollow\">das-edelweiss.com<\/a><br>Erlebe wie Farben und D\u00fcfte deinen Weg kl\u00e4ren &#8211; und zur Weiterbildung f\u00fchren<br><em>Wie Farben und \u00e4therische D\u00fcfte unserer Psyche und der Seele die Ruhe schenken die sie braucht<\/em>.<\/p>\n\n\n\n<hr class=\"wp-block-separator has-alpha-channel-opacity has-electric-grass-gradient-background has-background\"\/>\n\n\n\n<p><strong>Grolimund Miriam<\/strong> &#8211; <a href=\"https:\/\/www.performplus.ch\/\" target=\"_blank\" rel=\"noreferrer noopener nofollow\">performplus.ch<\/a><br>Dein K\u00f6rper als Resonanzraum des unbewussten &#8211; dein ehrlichster Feedbackmechanismus<\/p>\n\n\n\n<hr class=\"wp-block-separator has-alpha-channel-opacity has-electric-grass-gradient-background has-background\"\/>\n\n\n\n<p><strong>Hagnbuchner Caroline&nbsp;<\/strong>\u2013&nbsp;<a href=\"http:\/\/rayahealing.ch\/\" target=\"_blank\" rel=\"noreferrer noopener nofollow\">rayahealing.ch<\/a><br>Der kristaline Blick in dich selbst.<br><em>Kristall Healing &#8211; das Wunder in der Wunde. Ein Vortrag \u00fcber Heilung, die nicht repariert, sondern erinnert. \u00dcber die Kraft von Kristallen, innere Klarheit und das verborgene Potenzial in unseren Verletzungen.<\/em><\/p>\n\n\n\n<hr class=\"wp-block-separator has-alpha-channel-opacity has-electric-grass-gradient-background has-background\"\/>\n\n\n\n<p><strong>Hoch Barbara<\/strong> &#8211; <a href=\"https:\/\/barbarahoch.ch\" target=\"_blank\" rel=\"noreferrer noopener nofollow\">barbarahoch.ch<\/a><br>NeuroGraphik\u00ae\ufe0f &#8211; what else?<\/p>\n\n\n\n<hr class=\"wp-block-separator has-alpha-channel-opacity has-electric-grass-gradient-background has-background\"\/>\n\n\n\n<p><strong>Jenni Silvia <\/strong>&#8211; <a href=\"http:\/\/die-naturcoiffeuse.ch\" data-type=\"link\" data-id=\"die-naturcoiffeuse.ch\" target=\"_blank\" rel=\"noreferrer noopener nofollow\">die-naturcoiffeuse.ch<\/a><br>Ver\u00e4nderung beginnt auf deinem Kopf.<br><em>Haare sind mehr als \u00c4sthetik. Sie spiegeln Lebensphasen, Gewohnheiten und innere Prozesse.<br>In diesem Vortrag zeige ich, wie Haarwachstum, Struktur und bewusster Haarschnitt mit k\u00f6rperlichem und seelischem Wohlbefinden zusammenh\u00e4ngen \u2013 und wie sich Ver\u00e4nderungen im Haar deuten und nutzen lassen.<br>F\u00fcr alle, die Haarpflege und Selbstwahrnehmung ganzheitlich betrachten m\u00f6chten.<\/em><\/p>\n\n\n\n<hr class=\"wp-block-separator has-alpha-channel-opacity has-electric-grass-gradient-background has-background\"\/>\n\n\n\n<p><strong>Keller Rosemarie<\/strong> &#8211; <a href=\"https:\/\/bewusst-haareschneiden.ch\" data-type=\"link\" data-id=\"https:\/\/bewusst-haareschneiden.ch\" target=\"_blank\" rel=\"noreferrer noopener nofollow\">bewusst-haareschneiden.ch<\/a><br>Haare der sanfte Weg zur Selbstliebe<\/p>\n\n\n\n<hr class=\"wp-block-separator has-alpha-channel-opacity has-electric-grass-gradient-background has-background\"\/>\n\n\n\n<p><strong>Kurmann Manuel<\/strong> &#8211; <a href=\"http:\/\/manuel-kurmann.ch\/\" target=\"_blank\" rel=\"noreferrer noopener nofollow\">manuel-kurmann.ch<\/a><br>Negative Gedanken bei Alltagsthemen leicht l\u00f6sen<br><em>Du lernst mit einfachen Techniken deine Gef\u00fchle wieder selbst zu steuern<\/em>.<\/p>\n\n\n\n<hr class=\"wp-block-separator has-alpha-channel-opacity has-electric-grass-gradient-background has-background\"\/>\n\n\n\n<p><strong>Lerchenm\u00fcller Susanne<\/strong> \u2013&nbsp;<a href=\"https:\/\/www.donner-ross.ch\/\" target=\"_blank\" rel=\"noreferrer noopener nofollow\">donner-ross.ch<\/a><br>Schamanische Trommelreise: Visionsreise<\/p>\n\n\n\n<hr class=\"wp-block-separator has-alpha-channel-opacity has-electric-grass-gradient-background has-background\"\/>\n\n\n\n<p><strong>Marti Beat &amp; Steve<\/strong> &#8211; @drachensturm_schamanismus<br>Schamanismus im Drachensturm<br><em>Was ist der Schamanismus der neuen Zeit und Vorstellung des schamanischen Begegnungs-, Heil und Ausbildungszentrum in Zenting<\/em><\/p>\n\n\n\n<hr class=\"wp-block-separator has-alpha-channel-opacity has-electric-grass-gradient-background has-background\"\/>\n\n\n\n<p><strong>M\u00fcller-Zihlmann Astrid<\/strong> &#8211; <a href=\"http:\/\/www.medialsensitiv.ch\/\" target=\"_blank\" rel=\"noreferrer noopener nofollow\">medialsensitiv.ch<\/a><br>Sch\u00f6pfe Kraft aus dem Moment<br><em>Es erwartet dich ein aktiver Vortrag mit \u00dcbungen, wo du deinen K\u00f6rper, deine Sinne, deine Aura mit einbeziehst<\/em><\/p>\n\n\n\n<hr class=\"wp-block-separator has-alpha-channel-opacity has-electric-grass-gradient-background has-background\"\/>\n\n\n\n<p><strong>Pierre Claudia<\/strong> &#8211; <a href=\"http:\/\/www.spiritwings-heilraum.de\/\" target=\"_blank\" rel=\"noreferrer noopener nofollow\">spiritwings-heilraum.de<\/a><br>Gef\u00fchrter energetischer (Heil-) Impuls<br><em>Ein Gespr\u00e4ch mit deiner Seele<\/em>.<\/p>\n\n\n\n<hr class=\"wp-block-separator has-alpha-channel-opacity has-electric-grass-gradient-background has-background\"\/>\n\n\n\n<p><strong>Schmid Bruno<\/strong> &#8211; <a href=\"https:\/\/zentrum-schmid.ch\" target=\"_blank\" rel=\"noreferrer noopener nofollow\">zentrum-schmid.ch<\/a><br>Erlebe Farben und ihr Wirkungsfeld auf uns<\/p>\n\n\n\n<hr class=\"wp-block-separator has-alpha-channel-opacity has-electric-grass-gradient-background has-background\"\/>\n\n\n\n<p><strong>van de Velde Hampi<\/strong> &#8211; <a href=\"http:\/\/www.trancehealing.ch\/\" target=\"_blank\" rel=\"noreferrer noopener nofollow\">trancehealing.ch<\/a><br>Trance erleben \u2013 Wie geistige Heilung heute wirkt<br><em>In diesem Erlebnis-Vortrag erh\u00e4ltst du eine lebendige Einf\u00fchrung in<br>die Welt der offenen Trancearbeit \u2013 ein Feld, das sich jedem Menschen<br>\u00f6ffnet, der Trance-Techniken erlernt und f\u00fcr pers\u00f6nliche Entwicklung<br>und Heilungsprozesse anwendet.<\/em><\/p>\n\n\n\n<hr class=\"wp-block-separator has-alpha-channel-opacity has-electric-grass-gradient-background has-background\"\/>\n\n\n\n<p><strong>Voegelin Doris<\/strong>&nbsp;\u2013&nbsp;<br>Im Ozean der Omega-3-Angebote entscheidet Wissen, was wirklich wirkt.<br><em>Du hast nur eine Gesundheit.&nbsp;Dein K\u00f6rper ist dein einziges Zuhause.&nbsp;Er verdient deine Aufmerksamkeit. Symptome r\u00fctteln uns wach.&nbsp;Innovation heisst&nbsp;testbasierte&nbsp;Fr\u00fcherkennung.<\/em><\/p>\n\n\n\n<hr class=\"wp-block-separator has-alpha-channel-opacity has-electric-grass-gradient-background has-background\"\/>\n\n\n\n<p><strong>Walther Monika<\/strong> &#8211; <a href=\"https:\/\/www.praxis-herzbotin.ch\/\" target=\"_blank\" rel=\"noreferrer noopener nofollow\">praxis-herzbotin.ch<\/a><br>Neurodings &#8211; Blockaden kreativ l\u00f6sen<br><em>Damit im Kopf alles rund l\u00e4uft! Vorstellen der Grundschritte von Neurodings<\/em>.<\/p>\n\n\n\n<hr class=\"wp-block-separator has-alpha-channel-opacity has-electric-grass-gradient-background has-background\"\/>\n\n\n\n<p><strong>Wittwer Adelheid<\/strong> &#8211; <a href=\"http:\/\/www.prime-life.ch\/\" target=\"_blank\" rel=\"noreferrer noopener nofollow\">prime-life.ch<\/a><br>Raus aus der Angst, hinein ins Leben<br><em>Abenteuerreise Corona<\/em>.<\/p>\n\n\n\n<hr class=\"wp-block-separator has-alpha-channel-opacity has-electric-grass-gradient-background has-background\"\/>\n\n\n\n<p><strong>Zobrist Christine<\/strong> &#8211; <a href=\"http:\/\/www.ikouna.ch\/\" target=\"_blank\" rel=\"noreferrer noopener nofollow\">ikouna.ch<\/a><br>Im Gespr\u00e4ch mit Tier und Mensch<\/p>\n\n\n\n<hr class=\"wp-block-separator has-alpha-channel-opacity has-electric-grass-gradient-background has-background\"\/>\n","protected":false},"excerpt":{"rendered":"<p>Freuen sie sich auf tolle Vortr\u00e4ge und Pr\u00e4sentationen unserer Aussteller. Weiter unten sind mehr Details zu den einzelnen Themen der Vortragenden ersichtlich. Programm-Details Berengeno Yvonne &#8211; holistic-care.onlineSelbstheilung beginnt im Bewusstsein (Sa) \u2013 wie dein innerer Zustand dein K\u00f6rper beeinflusst.Dein innerer Zustand als Kraftfeld (So) &#8211; wie du dein Umfeld positiv beeinflusst. Bucher Andreas &#8211; romygerber.superpatch.comPflaster &hellip; <\/p>\n<p class=\"link-more\"><a href=\"https:\/\/mindandspiritdays.com\/?page_id=359\" class=\"more-link\"><span class=\"screen-reader-text\">\u201eFachvortr\u00e4ge und Pr\u00e4sentationen w\u00e4hrend der Messe\u201c<\/span> weiterlesen<\/a><\/p>\n","protected":false},"author":1,"featured_media":0,"parent":0,"menu_order":0,"comment_status":"closed","ping_status":"closed","template":"","meta":{"footnotes":""},"class_list":["post-359","page","type-page","status-publish","hentry"],"_links":{"self":[{"href":"https:\/\/mindandspiritdays.com\/index.php?rest_route=\/wp\/v2\/pages\/359","targetHints":{"allow":["GET"]}}],"collection":[{"href":"https:\/\/mindandspiritdays.com\/index.php?rest_route=\/wp\/v2\/pages"}],"about":[{"href":"https:\/\/mindandspiritdays.com\/index.php?rest_route=\/wp\/v2\/types\/page"}],"author":[{"embeddable":true,"href":"https:\/\/mindandspiritdays.com\/index.php?rest_route=\/wp\/v2\/users\/1"}],"replies":[{"embeddable":true,"href":"https:\/\/mindandspiritdays.com\/index.php?rest_route=%2Fwp%2Fv2%2Fcomments&post=359"}],"version-history":[{"count":76,"href":"https:\/\/mindandspiritdays.com\/index.php?rest_route=\/wp\/v2\/pages\/359\/revisions"}],"predecessor-version":[{"id":840,"href":"https:\/\/mindandspiritdays.com\/index.php?rest_route=\/wp\/v2\/pages\/359\/revisions\/840"}],"wp:attachment":[{"href":"https:\/\/mindandspiritdays.com\/index.php?rest_route=%2Fwp%2Fv2%2Fmedia&parent=359"}],"curies":[{"name":"wp","href":"https:\/\/api.w.org\/{rel}","templated":true}]}}