{"id":221,"date":"2025-08-04T15:55:23","date_gmt":"2025-08-04T14:55:23","guid":{"rendered":"https:\/\/mindandspiritdays.com\/?page_id=221"},"modified":"2026-03-16T19:42:29","modified_gmt":"2026-03-16T18:42:29","slug":"sponsoren","status":"publish","type":"page","link":"https:\/\/mindandspiritdays.com\/?page_id=221","title":{"rendered":"Sponsoren"},"content":{"rendered":"\n<h2 class=\"wp-block-heading\">Herzlichen Dank an unsere Sponsoren<\/h2>\n\n\n\n<p>Unsere Messe w\u00e4re ohne die grossz\u00fcgige Unterst\u00fctzung unserer Sponsoren so nicht m\u00f6glich. Mit Ihrem Engagement tragen Sie wesentlich dazu bei, dass wir dieses besondere Ereignis auf die Beine stellen und weiterentwickeln k\u00f6nnen.<\/p>\n\n\n\n<p class=\"has-electric-grass-gradient-background has-background\"><strong>Wir danken allen Unternehmen, Organisationen und Privatpersonen die uns finanziell unterst\u00fctzen, f\u00fcr Ihr Vertrauen, Ihre Partnerschaft und Ihre wertvolle Hilfe.<\/strong><\/p>\n\n\n\n<p>Einige unserer Unterst\u00fctzer m\u00f6chten bewusst im Hintergrund bleiben, nichtsdestotrotz gilt auch ihnen unser aufrichtiger Dank.<\/p>\n\n\n\n<hr class=\"wp-block-separator has-alpha-channel-opacity has-electric-grass-gradient-background has-background\"\/>\n\n\n\n<h2 class=\"wp-block-heading\">Hauptsponsoren<\/h2>\n\n\n<div class=\"wp-block-image\">\n<figure class=\"aligncenter size-large is-resized\"><a href=\"http:\/\/www.radio-luzern.ch\" target=\"_blank\" rel=\" noreferrer noopener\"><img loading=\"lazy\" decoding=\"async\" width=\"1024\" height=\"633\" src=\"https:\/\/mindandspiritdays.com\/wp-content\/uploads\/2026\/01\/Logo_weiss_Radio_Lozaern-1024x633.png\" alt=\"\" class=\"wp-image-545\" style=\"aspect-ratio:1.6177011063191449;width:553px;height:auto\" srcset=\"https:\/\/mindandspiritdays.com\/wp-content\/uploads\/2026\/01\/Logo_weiss_Radio_Lozaern-1024x633.png 1024w, https:\/\/mindandspiritdays.com\/wp-content\/uploads\/2026\/01\/Logo_weiss_Radio_Lozaern-300x185.png 300w, https:\/\/mindandspiritdays.com\/wp-content\/uploads\/2026\/01\/Logo_weiss_Radio_Lozaern-768x475.png 768w, https:\/\/mindandspiritdays.com\/wp-content\/uploads\/2026\/01\/Logo_weiss_Radio_Lozaern-1536x949.png 1536w, https:\/\/mindandspiritdays.com\/wp-content\/uploads\/2026\/01\/Logo_weiss_Radio_Lozaern.png 2000w\" sizes=\"auto, (max-width: 767px) 89vw, (max-width: 1000px) 54vw, (max-width: 1071px) 543px, 580px\" \/><\/a><\/figure>\n<\/div>\n\n\n<hr class=\"wp-block-separator has-alpha-channel-opacity has-electric-grass-gradient-background has-background\"\/>\n\n\n<div class=\"wp-block-image\">\n<figure class=\"aligncenter size-large is-resized\"><a href=\"https:\/\/stoli.ch\" target=\"_blank\" rel=\" noreferrer noopener\"><img loading=\"lazy\" decoding=\"async\" width=\"711\" height=\"1024\" src=\"https:\/\/mindandspiritdays.com\/wp-content\/uploads\/2026\/02\/stoli_LOGO_VEKTOR_RAL-8017-711x1024.jpg\" alt=\"\" class=\"wp-image-637\" style=\"aspect-ratio:0.6943420523138834;width:445px;height:auto\" srcset=\"https:\/\/mindandspiritdays.com\/wp-content\/uploads\/2026\/02\/stoli_LOGO_VEKTOR_RAL-8017-711x1024.jpg 711w, https:\/\/mindandspiritdays.com\/wp-content\/uploads\/2026\/02\/stoli_LOGO_VEKTOR_RAL-8017-208x300.jpg 208w, https:\/\/mindandspiritdays.com\/wp-content\/uploads\/2026\/02\/stoli_LOGO_VEKTOR_RAL-8017-768x1106.jpg 768w, https:\/\/mindandspiritdays.com\/wp-content\/uploads\/2026\/02\/stoli_LOGO_VEKTOR_RAL-8017-1067x1536.jpg 1067w, https:\/\/mindandspiritdays.com\/wp-content\/uploads\/2026\/02\/stoli_LOGO_VEKTOR_RAL-8017-1422x2048.jpg 1422w, https:\/\/mindandspiritdays.com\/wp-content\/uploads\/2026\/02\/stoli_LOGO_VEKTOR_RAL-8017-scaled.jpg 1778w\" sizes=\"auto, (max-width: 711px) 100vw, 711px\" \/><\/a><\/figure>\n<\/div>\n\n\n<hr class=\"wp-block-separator aligncenter has-alpha-channel-opacity has-electric-grass-gradient-background has-background\"\/>\n\n\n<div class=\"wp-block-image\">\n<figure class=\"aligncenter size-full is-resized\"><img loading=\"lazy\" decoding=\"async\" width=\"2560\" height=\"2560\" src=\"https:\/\/mindandspiritdays.com\/wp-content\/uploads\/2026\/03\/Drachensturm-scaled.png\" alt=\"\" class=\"wp-image-806\" style=\"width:445px;height:auto\" srcset=\"https:\/\/mindandspiritdays.com\/wp-content\/uploads\/2026\/03\/Drachensturm-scaled.png 2560w, https:\/\/mindandspiritdays.com\/wp-content\/uploads\/2026\/03\/Drachensturm-300x300.png 300w, https:\/\/mindandspiritdays.com\/wp-content\/uploads\/2026\/03\/Drachensturm-1024x1024.png 1024w, https:\/\/mindandspiritdays.com\/wp-content\/uploads\/2026\/03\/Drachensturm-150x150.png 150w, https:\/\/mindandspiritdays.com\/wp-content\/uploads\/2026\/03\/Drachensturm-768x768.png 768w, https:\/\/mindandspiritdays.com\/wp-content\/uploads\/2026\/03\/Drachensturm-1536x1536.png 1536w, https:\/\/mindandspiritdays.com\/wp-content\/uploads\/2026\/03\/Drachensturm-2048x2048.png 2048w, https:\/\/mindandspiritdays.com\/wp-content\/uploads\/2026\/03\/Drachensturm-100x100.png 100w\" sizes=\"auto, (max-width: 767px) 89vw, (max-width: 1000px) 54vw, (max-width: 1071px) 543px, 580px\" \/><\/figure>\n<\/div>\n\n\n<hr class=\"wp-block-separator has-alpha-channel-opacity has-electric-grass-gradient-background has-background\"\/>\n\n\n<div class=\"wp-block-image\">\n<figure class=\"aligncenter size-large is-resized\"><a href=\"http:\/\/zentrum-schmid.ch\" target=\"_blank\" rel=\" noreferrer noopener\"><img loading=\"lazy\" decoding=\"async\" width=\"1024\" height=\"656\" src=\"https:\/\/mindandspiritdays.com\/wp-content\/uploads\/2026\/01\/ZentrumSchmid-1024x656.jpeg\" alt=\"\" class=\"wp-image-565\" style=\"width:446px;height:auto\" srcset=\"https:\/\/mindandspiritdays.com\/wp-content\/uploads\/2026\/01\/ZentrumSchmid-1024x656.jpeg 1024w, https:\/\/mindandspiritdays.com\/wp-content\/uploads\/2026\/01\/ZentrumSchmid-300x192.jpeg 300w, https:\/\/mindandspiritdays.com\/wp-content\/uploads\/2026\/01\/ZentrumSchmid-768x492.jpeg 768w, https:\/\/mindandspiritdays.com\/wp-content\/uploads\/2026\/01\/ZentrumSchmid-1536x984.jpeg 1536w, https:\/\/mindandspiritdays.com\/wp-content\/uploads\/2026\/01\/ZentrumSchmid.jpeg 1980w\" sizes=\"auto, (max-width: 767px) 89vw, (max-width: 1000px) 54vw, (max-width: 1071px) 543px, 580px\" \/><\/a><\/figure>\n<\/div>\n\n\n<hr class=\"wp-block-separator has-alpha-channel-opacity has-electric-grass-gradient-background has-background\"\/>\n\n\n\n<h2 class=\"wp-block-heading\">G\u00f6nner<\/h2>\n\n\n\n<hr class=\"wp-block-separator has-alpha-channel-opacity has-electric-grass-gradient-background has-background\"\/>\n\n\n\n<div class=\"wp-block-columns is-layout-flex wp-container-core-columns-is-layout-9d6595d7 wp-block-columns-is-layout-flex\">\n<div class=\"wp-block-column is-layout-flow wp-block-column-is-layout-flow\"><div class=\"wp-block-image\">\n<figure class=\"aligncenter size-full\"><img loading=\"lazy\" decoding=\"async\" width=\"647\" height=\"176\" src=\"https:\/\/mindandspiritdays.com\/wp-content\/uploads\/2026\/02\/WechslerMetzg.jpeg\" alt=\"\" class=\"wp-image-668\" srcset=\"https:\/\/mindandspiritdays.com\/wp-content\/uploads\/2026\/02\/WechslerMetzg.jpeg 647w, https:\/\/mindandspiritdays.com\/wp-content\/uploads\/2026\/02\/WechslerMetzg-300x82.jpeg 300w\" sizes=\"auto, (max-width: 647px) 100vw, 647px\" \/><\/figure>\n<\/div><\/div>\n\n\n\n<div class=\"wp-block-column is-layout-flow wp-block-column-is-layout-flow\"><div class=\"wp-block-image\">\n<figure class=\"aligncenter size-full is-resized\"><img loading=\"lazy\" decoding=\"async\" width=\"555\" height=\"586\" src=\"https:\/\/mindandspiritdays.com\/wp-content\/uploads\/2026\/02\/ZiswilerGetraenke-1.jpg\" alt=\"\" class=\"wp-image-681\" style=\"aspect-ratio:0.9471577261809447;width:122px;height:auto\" srcset=\"https:\/\/mindandspiritdays.com\/wp-content\/uploads\/2026\/02\/ZiswilerGetraenke-1.jpg 555w, https:\/\/mindandspiritdays.com\/wp-content\/uploads\/2026\/02\/ZiswilerGetraenke-1-284x300.jpg 284w\" sizes=\"auto, (max-width: 555px) 100vw, 555px\" \/><\/figure>\n<\/div><\/div>\n\n\n\n<div class=\"wp-block-column is-layout-flow wp-block-column-is-layout-flow\"><\/div>\n<\/div>\n\n\n\n<hr class=\"wp-block-separator has-alpha-channel-opacity has-electric-grass-gradient-background has-background\"\/>\n\n\n\n<p>Wenn Sie unsere Messe mit einer Spende unterst\u00fctzen m\u00f6chten, sind Sie herzlich willkommen! Jeder Beitrag hilft, die Messe noch abgestimmter und einzigartiger zu gestallten und gibt uns die  Chance zur Weiterentwicklung.<\/p>\n\n\n\n<p>Bei gr\u00f6sseren Spenden besteht auf Wunsch die M\u00f6glichkeit, als Zeichen unseres Dankes und Ihrer Unterst\u00fctzung, einen namentlichen Vermerk auf unserer Website zu platzieren.<\/p>\n\n\n\n<p>F\u00fcr weitere Informationen oder zur Abstimmung Ihrer Spende kontaktieren Sie uns gerne direkt \u00fcber unser <a href=\"https:\/\/mindandspiritdays.com\/?page_id=170\" data-type=\"page\" data-id=\"170\">Kontaktformular<\/a>.<\/p>\n\n\n\n<h2 class=\"wp-block-heading\">Zahlungsinformationen<\/h2>\n\n\n\n<p>Mind and Spirit<br>Ettiswilerstrasse 22<br>6130 Willisau<\/p>\n\n\n\n<p>IBAN: CH96 8080 8007 6520 4348 7<br>SWIFT-BIC: RAIFCH22<\/p>\n","protected":false},"excerpt":{"rendered":"<p>Herzlichen Dank an unsere Sponsoren Unsere Messe w\u00e4re ohne die grossz\u00fcgige Unterst\u00fctzung unserer Sponsoren so nicht m\u00f6glich. Mit Ihrem Engagement tragen Sie wesentlich dazu bei, dass wir dieses besondere Ereignis auf die Beine stellen und weiterentwickeln k\u00f6nnen. Wir danken allen Unternehmen, Organisationen und Privatpersonen die uns finanziell unterst\u00fctzen, f\u00fcr Ihr Vertrauen, Ihre Partnerschaft und Ihre &hellip; <\/p>\n<p class=\"link-more\"><a href=\"https:\/\/mindandspiritdays.com\/?page_id=221\" class=\"more-link\"><span class=\"screen-reader-text\">\u201eSponsoren\u201c<\/span> weiterlesen<\/a><\/p>\n","protected":false},"author":1,"featured_media":0,"parent":0,"menu_order":0,"comment_status":"closed","ping_status":"closed","template":"","meta":{"footnotes":""},"class_list":["post-221","page","type-page","status-publish","hentry"],"_links":{"self":[{"href":"https:\/\/mindandspiritdays.com\/index.php?rest_route=\/wp\/v2\/pages\/221","targetHints":{"allow":["GET"]}}],"collection":[{"href":"https:\/\/mindandspiritdays.com\/index.php?rest_route=\/wp\/v2\/pages"}],"about":[{"href":"https:\/\/mindandspiritdays.com\/index.php?rest_route=\/wp\/v2\/types\/page"}],"author":[{"embeddable":true,"href":"https:\/\/mindandspiritdays.com\/index.php?rest_route=\/wp\/v2\/users\/1"}],"replies":[{"embeddable":true,"href":"https:\/\/mindandspiritdays.com\/index.php?rest_route=%2Fwp%2Fv2%2Fcomments&post=221"}],"version-history":[{"count":26,"href":"https:\/\/mindandspiritdays.com\/index.php?rest_route=\/wp\/v2\/pages\/221\/revisions"}],"predecessor-version":[{"id":808,"href":"https:\/\/mindandspiritdays.com\/index.php?rest_route=\/wp\/v2\/pages\/221\/revisions\/808"}],"wp:attachment":[{"href":"https:\/\/mindandspiritdays.com\/index.php?rest_route=%2Fwp%2Fv2%2Fmedia&parent=221"}],"curies":[{"name":"wp","href":"https:\/\/api.w.org\/{rel}","templated":true}]}}