{"id":2,"date":"2025-04-30T07:58:51","date_gmt":"2025-04-30T07:58:51","guid":{"rendered":"https:\/\/mindandspiritdays.com\/?page_id=2"},"modified":"2026-03-16T15:50:35","modified_gmt":"2026-03-16T14:50:35","slug":"startseite","status":"publish","type":"page","link":"https:\/\/mindandspiritdays.com\/","title":{"rendered":"Deine Messe f\u00fcr Inspiration"},"content":{"rendered":"\n<figure class=\"wp-block-image size-large\"><img loading=\"lazy\" decoding=\"async\" width=\"1024\" height=\"418\" src=\"https:\/\/mindandspiritdays.com\/wp-content\/uploads\/2025\/10\/Team_fesh-1024x418.png\" alt=\"\" class=\"wp-image-372\" srcset=\"https:\/\/mindandspiritdays.com\/wp-content\/uploads\/2025\/10\/Team_fesh-1024x418.png 1024w, https:\/\/mindandspiritdays.com\/wp-content\/uploads\/2025\/10\/Team_fesh-300x123.png 300w, https:\/\/mindandspiritdays.com\/wp-content\/uploads\/2025\/10\/Team_fesh-768x314.png 768w, https:\/\/mindandspiritdays.com\/wp-content\/uploads\/2025\/10\/Team_fesh-1536x627.png 1536w, https:\/\/mindandspiritdays.com\/wp-content\/uploads\/2025\/10\/Team_fesh-2048x837.png 2048w\" sizes=\"auto, (max-width: 767px) 89vw, (max-width: 1000px) 54vw, (max-width: 1071px) 543px, 580px\" \/><\/figure>\n\n\n\n<hr class=\"wp-block-separator has-alpha-channel-opacity has-electric-grass-gradient-background has-background\"\/>\n\n\n\n<h2 class=\"wp-block-heading\">Premiere einer neuen Inspirationsquelle \u2013 Die Reise beginnt!<\/h2>\n\n\n\n<p>Mit einer klaren Mission im Herzen, Menschen zu verbinden, zu inspirieren und Impulse f\u00fcr ein bewussteres Leben zu setzen, \u00f6ffnet unsere Messe erstmals ihre Tore. Sie ist nicht nur ein Event, sondern ein lebendiger Raum f\u00fcr Begegnung, Entfaltung und Austausch rund um die zentralen Themen&nbsp;<strong>Gesundheit<\/strong>,&nbsp;<strong>Kreativit\u00e4t<\/strong> und <strong>Spiritualit\u00e4t<\/strong>.<\/p>\n\n\n\n<p>Ob durch neue Impulse f\u00fcr K\u00f6rper und Geist, tiefergehende spirituelle Erfahrungen oder kreative Ausdrucksformen, unsere Messe l\u00e4dt Besucher und Besucherinnen ein, sich selbst neu zu entdecken, in Dialog zu treten und mit Gleichgesinnten zu wachsen.<\/p>\n\n\n\n<p>Doch diese Premiere ist nur der Anfang. Unsere Messe&nbsp;geht auf Wanderschaft, um Inspiration an viele Orte zu bringen, immer mit dem Ziel, lokale Netzwerke zu st\u00e4rken und neue R\u00e4ume der Achtsamkeit, Heilung und Kreativit\u00e4t zu \u00f6ffnen.<\/p>\n\n\n\n<hr class=\"wp-block-separator has-alpha-channel-opacity has-electric-grass-gradient-background has-background is-style-default\"\/>\n\n\n\n<p><strong>Gesundheit<\/strong> ist Lebensqualit\u00e4t. Unseren Aussteller zeigen M\u00f6glichkeiten zur eigenen Heilung. Beratend und mit Ideen k\u00f6nnen neue Wege aufgezeigt werden, die vielleicht noch nie in Betracht gezogen wurden. Inspirierend und Energiegeladen, die Motivation und Begeisterung bringt.<\/p>\n\n\n\n<p><strong>Kreativit\u00e4t<\/strong> verwandelt Gedanken in Farben, Emotionen in Formen und Tr\u00e4ume in Wirklichkeit.  Kunst ist nicht nur das was man sieht, sondern auch das was im Betrachter lebendig wird. Ber\u00fchrend und Tiefgreifend zeigen unsere Aussteller ihr Werke und bringen ihre Hingabe und ihr Herzblut zum Ausdruck.<\/p>\n\n\n\n<p><strong>Spiritualit\u00e4t<\/strong> zeigt die wunderbare Welt des nicht Sichtbaren. Auch hier geschieht Heilung im grossen Stiel. Ob mit Trommeln, Klangschalen oder anderen Hilfsmittel, hier findet Energiearbeit statt, die das Wohlbefinden steigert und Transformation f\u00f6rdert. Die Messe bieten eine Plattform wo alles m\u00f6glich werden kann und wo k\u00f6rperliche, geistige und seelische Regeneration vereint werden.<\/p>\n\n\n\n<hr class=\"wp-block-separator has-alpha-channel-opacity has-electric-grass-gradient-background has-background\"\/>\n\n\n\n<figure class=\"wp-block-embed is-type-video is-provider-youtube wp-block-embed-youtube wp-embed-aspect-16-9 wp-has-aspect-ratio\"><div class=\"wp-block-embed__wrapper\">\n<iframe loading=\"lazy\" title=\"Bruno Schmid- Der Mann hinter den Mind and Spirit Days\" width=\"525\" height=\"295\" src=\"https:\/\/www.youtube.com\/embed\/40bEUN6niLY?feature=oembed\" frameborder=\"0\" allow=\"accelerometer; autoplay; clipboard-write; encrypted-media; gyroscope; picture-in-picture; web-share\" referrerpolicy=\"strict-origin-when-cross-origin\" allowfullscreen><\/iframe>\n<\/div><\/figure>\n\n\n\n<hr class=\"wp-block-separator has-alpha-channel-opacity has-electric-grass-gradient-background has-background\"\/>\n\n\n\n<h2 class=\"wp-block-heading\">\u00d6ffnungszeiten <\/h2>\n\n\n\n<p>Die \u00d6ffnungszeiten der Messe in der Festhalle Willisau vom 27. bis 29. M\u00e4rz 2026 sind wie folgt:<\/p>\n\n\n\n<figure class=\"wp-block-table is-style-stripes\"><table class=\"has-fixed-layout\"><tbody><tr><td>Freitag<\/td><td>14:00 Uhr bis 21:00 Uhr<\/td><\/tr><tr><td>Samstag<\/td><td>10:00 Uhr bis 21:00 Uhr<\/td><\/tr><tr><td>Sonntag<\/td><td>10:00 Uhr bis 18.00 Uhr<\/td><\/tr><\/tbody><\/table><\/figure>\n\n\n\n<hr class=\"wp-block-separator has-alpha-channel-opacity has-electric-grass-gradient-background has-background\"\/>\n\n\n\n<h2 class=\"wp-block-heading\">Kulinarik<\/h2>\n\n\n\n<p>An unserer Messe werden sie mit verschiedenen K\u00f6stlichkeiten verw\u00f6hnt. Sie d\u00fcrfen sich auf folgende Anbieter freuen:<\/p>\n\n\n\n<figure class=\"wp-block-image size-full\"><a href=\"http:\/\/jaffnacurrybowl.ch\" target=\"_blank\" rel=\" noreferrer noopener\"><img loading=\"lazy\" decoding=\"async\" width=\"800\" height=\"400\" src=\"https:\/\/mindandspiritdays.com\/wp-content\/uploads\/2026\/02\/JaffnaCurryBowl.jpg\" alt=\"\" class=\"wp-image-667\" srcset=\"https:\/\/mindandspiritdays.com\/wp-content\/uploads\/2026\/02\/JaffnaCurryBowl.jpg 800w, https:\/\/mindandspiritdays.com\/wp-content\/uploads\/2026\/02\/JaffnaCurryBowl-300x150.jpg 300w, https:\/\/mindandspiritdays.com\/wp-content\/uploads\/2026\/02\/JaffnaCurryBowl-768x384.jpg 768w\" sizes=\"auto, (max-width: 767px) 89vw, (max-width: 1000px) 54vw, (max-width: 1071px) 543px, 580px\" \/><\/a><\/figure>\n\n\n\n<figure class=\"wp-block-image size-full\"><a href=\"http:\/\/wechslermetzg.ch\" target=\"_blank\" rel=\" noreferrer noopener\"><img loading=\"lazy\" decoding=\"async\" width=\"647\" height=\"176\" src=\"https:\/\/mindandspiritdays.com\/wp-content\/uploads\/2026\/02\/WechslerMetzg.jpeg\" alt=\"\" class=\"wp-image-668\" srcset=\"https:\/\/mindandspiritdays.com\/wp-content\/uploads\/2026\/02\/WechslerMetzg.jpeg 647w, https:\/\/mindandspiritdays.com\/wp-content\/uploads\/2026\/02\/WechslerMetzg-300x82.jpeg 300w\" sizes=\"auto, (max-width: 647px) 100vw, 647px\" \/><\/a><\/figure>\n\n\n<div class=\"wp-block-image\">\n<figure class=\"aligncenter size-large is-resized\"><img loading=\"lazy\" decoding=\"async\" width=\"1024\" height=\"995\" src=\"https:\/\/mindandspiritdays.com\/wp-content\/uploads\/2026\/03\/buuregmachts-1024x995.png\" alt=\"\" class=\"wp-image-804\" style=\"aspect-ratio:1.0291549362981343;width:411px;height:auto\" srcset=\"https:\/\/mindandspiritdays.com\/wp-content\/uploads\/2026\/03\/buuregmachts-1024x995.png 1024w, https:\/\/mindandspiritdays.com\/wp-content\/uploads\/2026\/03\/buuregmachts-300x291.png 300w, https:\/\/mindandspiritdays.com\/wp-content\/uploads\/2026\/03\/buuregmachts-768x746.png 768w, https:\/\/mindandspiritdays.com\/wp-content\/uploads\/2026\/03\/buuregmachts-1536x1492.png 1536w, https:\/\/mindandspiritdays.com\/wp-content\/uploads\/2026\/03\/buuregmachts.png 1910w\" sizes=\"auto, (max-width: 767px) 89vw, (max-width: 1000px) 54vw, (max-width: 1071px) 543px, 580px\" \/><\/figure>\n<\/div>\n\n<div class=\"wp-block-image\">\n<figure class=\"aligncenter size-full is-resized\"><img loading=\"lazy\" decoding=\"async\" width=\"555\" height=\"586\" src=\"https:\/\/mindandspiritdays.com\/wp-content\/uploads\/2026\/02\/ZiswilerGetraenke-1.jpg\" alt=\"\" class=\"wp-image-681\" style=\"aspect-ratio:0.9471282352174196;width:250px;height:auto\" srcset=\"https:\/\/mindandspiritdays.com\/wp-content\/uploads\/2026\/02\/ZiswilerGetraenke-1.jpg 555w, https:\/\/mindandspiritdays.com\/wp-content\/uploads\/2026\/02\/ZiswilerGetraenke-1-284x300.jpg 284w\" sizes=\"auto, (max-width: 555px) 100vw, 555px\" \/><\/figure>\n<\/div>\n\n\n<p><\/p>\n","protected":false},"excerpt":{"rendered":"<p>Premiere einer neuen Inspirationsquelle \u2013 Die Reise beginnt! Mit einer klaren Mission im Herzen, Menschen zu verbinden, zu inspirieren und Impulse f\u00fcr ein bewussteres Leben zu setzen, \u00f6ffnet unsere Messe erstmals ihre Tore. Sie ist nicht nur ein Event, sondern ein lebendiger Raum f\u00fcr Begegnung, Entfaltung und Austausch rund um die zentralen Themen&nbsp;Gesundheit,&nbsp;Kreativit\u00e4t und Spiritualit\u00e4t. &hellip; <\/p>\n<p class=\"link-more\"><a href=\"https:\/\/mindandspiritdays.com\/\" class=\"more-link\"><span class=\"screen-reader-text\">\u201eDeine Messe f\u00fcr Inspiration\u201c<\/span> weiterlesen<\/a><\/p>\n","protected":false},"author":1,"featured_media":0,"parent":0,"menu_order":0,"comment_status":"closed","ping_status":"closed","template":"","meta":{"footnotes":""},"class_list":["post-2","page","type-page","status-publish","hentry"],"_links":{"self":[{"href":"https:\/\/mindandspiritdays.com\/index.php?rest_route=\/wp\/v2\/pages\/2","targetHints":{"allow":["GET"]}}],"collection":[{"href":"https:\/\/mindandspiritdays.com\/index.php?rest_route=\/wp\/v2\/pages"}],"about":[{"href":"https:\/\/mindandspiritdays.com\/index.php?rest_route=\/wp\/v2\/types\/page"}],"author":[{"embeddable":true,"href":"https:\/\/mindandspiritdays.com\/index.php?rest_route=\/wp\/v2\/users\/1"}],"replies":[{"embeddable":true,"href":"https:\/\/mindandspiritdays.com\/index.php?rest_route=%2Fwp%2Fv2%2Fcomments&post=2"}],"version-history":[{"count":49,"href":"https:\/\/mindandspiritdays.com\/index.php?rest_route=\/wp\/v2\/pages\/2\/revisions"}],"predecessor-version":[{"id":805,"href":"https:\/\/mindandspiritdays.com\/index.php?rest_route=\/wp\/v2\/pages\/2\/revisions\/805"}],"wp:attachment":[{"href":"https:\/\/mindandspiritdays.com\/index.php?rest_route=%2Fwp%2Fv2%2Fmedia&parent=2"}],"curies":[{"name":"wp","href":"https:\/\/api.w.org\/{rel}","templated":true}]}}