{"id":145,"date":"2025-07-14T18:20:38","date_gmt":"2025-07-14T17:20:38","guid":{"rendered":"https:\/\/mindandspiritdays.com\/?page_id=145"},"modified":"2026-02-04T08:48:28","modified_gmt":"2026-02-04T07:48:28","slug":"agb","status":"publish","type":"page","link":"https:\/\/mindandspiritdays.com\/?page_id=145","title":{"rendered":"AGB"},"content":{"rendered":"\n<h2 class=\"wp-block-heading\">Die technischen und allgemeinen Ausstellungsbedingungen der &#8222;Mind And Spirit Days&#8220;<\/h2>\n\n\n\n<h3 class=\"wp-block-heading\">1. Durchf\u00fchrung und Anmeldung<\/h3>\n\n\n\n<p>Die &#8222;Mind And Spirit Days&#8220; finden von Freitag bis Sonntag, 27. bis 29.03.2026 in der Festhalle Willisau, in Willisau Kanton Luzern statt.<\/p>\n\n\n\n<p>Die Anmeldung erfolgt mittels Anmeldeformular \u00fcber diese Webseite unter dem Men\u00fcpunkt &#8222;Anmeldung&#8220;.<\/p>\n\n\n\n<p>F\u00fcr den Standaufbau steht die Halle am Er\u00f6ffnungstag von 08:00 Uhr bis 13:00 Uhr zur Verf\u00fcgung. F\u00fcr den Abbau am Sonntag ab 18:00 Uhr bis um 20:30 Uhr.<\/p>\n\n\n\n<p><strong>Die \u00d6ffnungszeiten f\u00fcr die Besucher sind:<\/strong><br>Freitag 14:00 Uhr bis 21:00 Uhr<br>Samstag 10:00 Uhr bis 21:00 Uhr<br>Sonntag 10:00 Uhr bis 18.00 Uhr<\/p>\n\n\n\n<p>F\u00fcr die Aussteller ist der Zugang bereits eine Stunde fr\u00fcher m\u00f6glich.<\/p>\n\n\n\n<h3 class=\"wp-block-heading\">2. Zulassung<\/h3>\n\n\n\n<h4 class=\"wp-block-heading\">Teilnahmeberechtigung<\/h4>\n\n\n\n<p>Zur Teilnahme an der Messe sind grunds\u00e4tzlich Unternehmen, Organisationen und Einzelpersonen zugelassen, deren Angebote, Produkte oder Dienstleistungen in direktem Zusammenhang mit den Themenschwerpunkten Gesundheit, Kreativit\u00e4t und\/oder Spiritualit\u00e4t stehen.<\/p>\n\n\n\n<p>Die &#8222;Mind And Spirit Days&#8220; sind eine Einladungsmesse. Teilnahmeberechtig sind lediglich Unternehmen, Organisationen und Einzelpersonen, welche vom OK-Team pers\u00f6nlich angefragt wurden. <\/p>\n\n\n\n<p>Bei Interesse, kann man sich \u00fcber das Kontaktformular mit folgenden Infos bei uns melden: <\/p>\n\n\n\n<ul class=\"wp-block-list\">\n<li>Beschreibung deiner Arbeit<\/li>\n\n\n\n<li>Kontaktangaben<\/li>\n\n\n\n<li>Zus\u00e4tzliche Informationen wie Webseite, Fotos etc.<\/li>\n<\/ul>\n\n\n\n<p>Ohne diese Informationen k\u00f6nnen wir leider keine R\u00fcckmeldung geben!<\/p>\n\n\n\n<h4 class=\"wp-block-heading\">Pr\u00fcfung der Anmeldung<\/h4>\n\n\n\n<p>Die Zulassung erfolgt nach Eingang und Pr\u00fcfung der vollst\u00e4ndigen Anmeldeunterlagen. Ein Anspruch auf Zulassung besteht nicht. Die Messeleitung entscheidet \u00fcber die Zulassung nach pflichtgem\u00e4ssem Ermessen und unter Ber\u00fccksichtigung des Gesamtkonzepts der Messe.<\/p>\n\n\n\n<h4 class=\"wp-block-heading\">Ausschlussgr\u00fcnde<\/h4>\n\n\n\n<p>Die Messeleitung kann Anmeldungen insbesondere dann ablehnen oder bereits erteilte Zulassungen widerrufen, wenn<br>\u2013 die Angaben im Anmeldeformular unvollst\u00e4ndig oder unrichtig sind,<br>\u2013 der Aussteller gegen gesetzliche Vorschriften oder die AGB verst\u00f6sst,<br>\u2013 die angebotenen Produkte oder Dienstleistungen nicht mit dem Messeprofil vereinbar sind<br>\u2013 berechtigte Beschwerden \u00fcber fr\u00fchere Teilnahmen vorliegen.<\/p>\n\n\n\n<h4 class=\"wp-block-heading\">Zulassungsbest\u00e4tigung<\/h4>\n\n\n\n<p>Die Zulassung zur Messe wird dem Aussteller schriftlich oder in Textform best\u00e4tigt. Mit der Zulassung kommt der Vertrag zwischen Messeveranstalter und Aussteller zustande. Die Zulassung gilt nur f\u00fcr die angemeldeten Produkte, Dienstleistungen und Aussteller.<\/p>\n\n\n\n<h3 class=\"wp-block-heading\">3. Zuteilung der St\u00e4nde<\/h3>\n\n\n\n<p>Die endg\u00fcltige Zuteilung des Standplatzes erfolgt mit der Zustellung des Standplans. Die Messeleitung entscheidet \u00fcber allf\u00e4llige Einsprachen nach eigenem Ermessen. Ein Anspruch auf \u00c4nderung des zugeteilten Standplatzes besteht nicht. Wird eine gew\u00fcnschte \u00c4nderung nicht ber\u00fccksichtigt, berechtigt dies nicht zum R\u00fccktritt vom Vertrag. F\u00fcr etwaige Nachteile, die sich aus der Lage oder Umgebung des Standes ergeben, \u00fcbernimmt die Messeleitung keine Haftung.<\/p>\n\n\n\n<h3 class=\"wp-block-heading\">4. Zahlungsbedingungen<\/h3>\n\n\n\n<p>Mit der Zulassungsbest\u00e4tigung oder unmittelbar im Anschluss daran erfolgt die Rechnungsstellung f\u00fcr die Standmiete und etwaige Nebenkosten, welche innerhalb von 30 Tagen beglichen werden muss.<\/p>\n\n\n\n<p><strong>Einzahlung an:&nbsp;<\/strong><\/p>\n\n\n\n<p>Raiffeisen<br>CH-9001 St. Gallen<\/p>\n\n\n\n<p>IBAN: CH96 8080 8007 6520 4348 7<br>SWIFT-BIC: RAIFCH22<\/p>\n\n\n\n<p>zu Gunsten von:<br>Mind And Spirit, Ettiswilerstrasse 22, 6130 Willisau, Schweiz<\/p>\n\n\n\n<h3 class=\"wp-block-heading\">5. R\u00fccktritt<\/h3>\n\n\n\n<p>Bei R\u00fccktritt bis zwei Monate vor der Messe werden 200.\u2013 CHF als Entsch\u00e4digung berechnet, danach ist die H\u00e4lfte der Standmiete zu bezahlen.<br>Bei einem R\u00fccktritt bis zu vier Wochen vor der Messe haftet der Aussteller f\u00fcr die volle Standmiete und allf\u00e4lligen Nebenkosten.<\/p>\n\n\n\n<h3 class=\"wp-block-heading\">6. Beh\u00f6rdliche Bewilligungen und rechtlich verbindliche Vorschriften<\/h3>\n\n\n\n<p>Alle Aussteller sind verpflichtet, die geltenden gesetzlichen Bestimmungen einzuhalten. Dazu z\u00e4hlen insbesondere gewerbe-, gesundheits-, sicherheits-, urheber- und zollrechtliche Vorschriften sowie alle sonstigen verbindlichen Regelungen. Die Messeleitung \u00fcbernimmt keine Haftung f\u00fcr Anspr\u00fcche Dritter, die aufgrund der Missachtung solcher Vorschriften durch einen Aussteller entstehen.<\/p>\n\n\n\n<p>Anordnungen von Beh\u00f6rden sind f\u00fcr Aussteller und Veranstalter verbindlich. Sie begr\u00fcnden keinerlei Anspruch auf Schadensersatz gegen\u00fcber dem Veranstalter.<\/p>\n\n\n\n<p>Verst\u00f6sst ein Aussteller gegen geltende Vorschriften oder gegen die Messeordnung, kann die Messeleitung ihn mit sofortiger Wirkung von der Veranstaltung ausschliessen. In diesem Fall bleibt die volle Standmiete einschliesslich aller Nebenkosten geschuldet.<\/p>\n\n\n\n<h3 class=\"wp-block-heading\">7. Preisanschrift<\/h3>\n\n\n\n<p>Die Aussteller sind in der Festlegung ihrer Preise frei. Alle zum Verkauf angebotenen Produkte sowie angebotene Dienstleistungen, einschlisslich Beratungen, m\u00fcssen deutlich und gut lesbar mit dem jeweiligen Verkaufspreis pro Einheit ausgezeichnet sein oder in einer verbindlichen Preisliste ersichtlich gemacht werden.<\/p>\n\n\n\n<h3 class=\"wp-block-heading\">8. Standbetreuung und Reinigung<\/h3>\n\n\n\n<p>Die Aussteller werden gebeten, w\u00e4hrend der gesamten \u00d6ffnungszeiten der Messe ihre G\u00fcter auszustellen. Wir legen Wert auf eine pers\u00f6nliche Betreuung des Standes und f\u00e4nden es gut, wenn Sie durchgehend anwesend sein k\u00f6nnen. Der Stand ist in einem sauberen Zustand zu halten und sauber zu hinterlassen sowie Besch\u00e4digungen oder Verunreinigungen des Bodens oder der Durchgangsgassen zu vermeiden. Werden \u00f6lhaltige Gebinde gebraucht, muss der Boden zus\u00e4tzlich abgedeckt werden.<\/p>\n\n\n\n<p>Werden genutzte B\u00f6den, W\u00e4nde und Pl\u00e4tze besch\u00e4digt oder durch aussergew\u00f6hnlich starken Gebrauch \u00fcberm\u00e4ssig abgenutzt, hat der Standnehmer f\u00fcr die Kosten der Instandstellung vollumf\u00e4nglich aufzukommen. Dieser hat auch dann Ersatz zu leisten, wenn auf die sofortige Behebung des Schadens ganz oder teilweise verzichtet wird.<\/p>\n\n\n\n<ul class=\"wp-block-list\">\n<li><em>Die Erstellung von festen Verankerungen im Boden ist strikt untersagt.<\/em><\/li>\n\n\n\n<li><em>Lautes Ausrufen und das n\u00f6tigende Ansprechen von Passanten sind verboten.<\/em><\/li>\n<\/ul>\n\n\n\n<h3 class=\"wp-block-heading\">9. Haftung<\/h3>\n\n\n\n<p>F\u00fcr Sch\u00e4den und Verluste, die vor, w\u00e4hrend oder nach der Veranstaltung entstehen, k\u00f6nnen keine Haftungs- oder Regressanspr\u00fcche geltend gemacht werden. Es empfiehlt sich, das Ausstellungsgut und die Haftpflicht zu versichern. Der Haftungsausschluss erf\u00e4hrt auch durch allf\u00e4llige Bewachungsmassnahmen der Messeleitung keine Einschr\u00e4nkung.<\/p>\n\n\n\n<p>Der Aussteller haftet f\u00fcr Sch\u00e4den, die er an den zur Verf\u00fcgung gestellten Fl\u00e4chen, B\u00f6den oder W\u00e4nden verursacht vollumf\u00e4nglich. Die Hausordnung der zur Verf\u00fcgung gestellten R\u00e4umlichkeiten ist ebenfalls strikt einzuhalten.<\/p>\n\n\n\n<h3 class=\"wp-block-heading\">10. Sicherheit<\/h3>\n\n\n\n<p>Entsprechend den Vorschriften des Feuerwehrinspektorates darf zur Gestaltung der Ausstellung kein feuergef\u00e4hrliches Dekorationsmaterial wie Stroh, Schilfrohr, Tannenreisig oder leicht entflammbares Papier verwendet werden. Nachtr\u00e4gliche Auflagen sind ebenfalls zu erf\u00fcllen. Stoffe m\u00fcssen schwer entflammbar sein (z.B. Seide) oder mit entsprechenden Sprays behandelt werden.<\/p>\n\n\n\n<h3 class=\"wp-block-heading\">11. Produktpr\u00e4sentationen<\/h3>\n\n\n\n<p>Produktpr\u00e4sentationen und Selbstdarstellungen sind ein integraler Bestandteil der Messe und ausdr\u00fccklich erw\u00fcnscht. F\u00fcr umfangreichere Vortr\u00e4ge oder Pr\u00e4sentationen steht ein separater Veranstaltungsraum zur Verf\u00fcgung. Die Nutzung dieses Raumes muss im Voraus separat angemeldet und mit der Messeleitung abgestimmt werden..<\/p>\n\n\n\n<h3 class=\"wp-block-heading\">12. Allgemeines<\/h3>\n\n\n\n<p>Sofern unvorhergesehene politische oder wirtschaftliche Ereignisse, brancheninterne Schwierigkeiten oder h\u00f6here Gewalt die Durchf\u00fchrung der &#8222;Mind And Spirit Days&#8220; verunm\u00f6glichen, so bleibt die Standmiete bis zu einem Betrag, der den der Messeleitung entstandenen Kosten entspricht, erhalten. Eine nach Abzug der Kosten verbleibende Differenz wird den Ausstellern zur\u00fcckbezahlt. Es erwachsen dem Aussteller keine Schadenersatzanspr\u00fcche aus der Nichtdurchf\u00fchrung der Messetage. Alle m\u00fcndlichen Vereinbarungen, Einzelgenehmigungen und Sonderregelungen bed\u00fcrfen der schriftlichen Best\u00e4tigung.<\/p>\n\n\n\n<h3 class=\"wp-block-heading\">13. Besondere Vorschriften f\u00fcr Verpflegungsbetriebe<\/h3>\n\n\n\n<p>Als Verpflegungsbetriebe werden alle Unternehmer angesehen, die Getr\u00e4nke oder Nahrungsmittel zum Verkauf anbieten. Es wird vorausgesetzt, dass alle Anbieter als Verpflegungsbetriebe, alle gesetzlich erforderlichen Vorgaben einhalten und bei Bedarf vor Ort nachweisen k\u00f6nnen, u.a. Nachfolgende:<\/p>\n\n\n\n<ul class=\"wp-block-list\">\n<li>Betriebsbewilligung sowie bei Bedarf ebenso eine Bewilligung f\u00fcr Alkoholverkauf<\/li>\n\n\n\n<li>Gesetzlich einzuhaltende Vorgaben f\u00fcr den Jugendschutz, einschliesslich erforderlichen Deklaration<\/li>\n\n\n\n<li>Zeitlich vorgegebene Einschr\u00e4nkungen<\/li>\n\n\n\n<li>Erforderliche Hygienevorschriften<\/li>\n\n\n\n<li>Vorgaben zur Lebensmittelsicherheit und Offenausschank<\/li>\n\n\n\n<li>Weitere \u00f6rtlich gesetzliche Vorgaben<\/li>\n<\/ul>\n\n\n\n<p>Zudem sind alle gesetzlichen Verst\u00f6sse gegen\u00fcber den vorhergehenden gesetzlichen Vorgaben vollumf\u00e4nglich durch den Standnehmer bzw. Verpflegungsbetriebseigner selbst zu tragen.<\/p>\n\n\n\n<h3 class=\"wp-block-heading\">14. Marketing<\/h3>\n\n\n\n<p>Jeder Aussteller wird verpflichtet, ebenso die Information zum Veranstaltungszeitpunkt der &#8222;Mind And Spirit Days&#8220;&nbsp;auf der unternehmenseigenen Homepage zu publizieren oder anderweitig eigene Werbung zu betreiben, insofern die M\u00f6glichkeiten hierzu gegeben sind.<\/p>\n\n\n\n<h3 class=\"wp-block-heading\">15 Gerichtsstand<\/h3>\n\n\n\n<p>Alle Rechtsbeziehungen der Aussteller mit der Messeleitung unterstehen dem Schweizerischen Recht. Gerichtsstand befindet sich im Kanton Luzern.<\/p>\n","protected":false},"excerpt":{"rendered":"<p>Die technischen und allgemeinen Ausstellungsbedingungen der &#8222;Mind And Spirit Days&#8220; 1. Durchf\u00fchrung und Anmeldung Die &#8222;Mind And Spirit Days&#8220; finden von Freitag bis Sonntag, 27. bis 29.03.2026 in der Festhalle Willisau, in Willisau Kanton Luzern statt. Die Anmeldung erfolgt mittels Anmeldeformular \u00fcber diese Webseite unter dem Men\u00fcpunkt &#8222;Anmeldung&#8220;. F\u00fcr den Standaufbau steht die Halle am &hellip; <\/p>\n<p class=\"link-more\"><a href=\"https:\/\/mindandspiritdays.com\/?page_id=145\" class=\"more-link\"><span class=\"screen-reader-text\">\u201eAGB\u201c<\/span> weiterlesen<\/a><\/p>\n","protected":false},"author":1,"featured_media":0,"parent":0,"menu_order":0,"comment_status":"closed","ping_status":"closed","template":"","meta":{"footnotes":""},"class_list":["post-145","page","type-page","status-publish","hentry"],"_links":{"self":[{"href":"https:\/\/mindandspiritdays.com\/index.php?rest_route=\/wp\/v2\/pages\/145","targetHints":{"allow":["GET"]}}],"collection":[{"href":"https:\/\/mindandspiritdays.com\/index.php?rest_route=\/wp\/v2\/pages"}],"about":[{"href":"https:\/\/mindandspiritdays.com\/index.php?rest_route=\/wp\/v2\/types\/page"}],"author":[{"embeddable":true,"href":"https:\/\/mindandspiritdays.com\/index.php?rest_route=\/wp\/v2\/users\/1"}],"replies":[{"embeddable":true,"href":"https:\/\/mindandspiritdays.com\/index.php?rest_route=%2Fwp%2Fv2%2Fcomments&post=145"}],"version-history":[{"count":18,"href":"https:\/\/mindandspiritdays.com\/index.php?rest_route=\/wp\/v2\/pages\/145\/revisions"}],"predecessor-version":[{"id":608,"href":"https:\/\/mindandspiritdays.com\/index.php?rest_route=\/wp\/v2\/pages\/145\/revisions\/608"}],"wp:attachment":[{"href":"https:\/\/mindandspiritdays.com\/index.php?rest_route=%2Fwp%2Fv2%2Fmedia&parent=145"}],"curies":[{"name":"wp","href":"https:\/\/api.w.org\/{rel}","templated":true}]}}