{"id":1014,"date":"2026-04-30T00:06:23","date_gmt":"2026-04-29T23:06:23","guid":{"rendered":"https:\/\/mindandspiritdays.com\/?page_id=1014"},"modified":"2026-04-30T00:10:36","modified_gmt":"2026-04-29T23:10:36","slug":"vortraege","status":"publish","type":"page","link":"https:\/\/mindandspiritdays.com\/?page_id=1014","title":{"rendered":"Fachvortr\u00e4ge und Pr\u00e4sentationen w\u00e4hrend der Messe"},"content":{"rendered":"\n<p>Freuen sie sich auf tolle Vortr\u00e4ge und Pr\u00e4sentationen unserer Aussteller. Das genaue Programm wird ein paar Wochen vor der Messe bekanntgegeben.<\/p>\n","protected":false},"excerpt":{"rendered":"<p>Freuen sie sich auf tolle Vortr\u00e4ge und Pr\u00e4sentationen unserer Aussteller. Das genaue Programm wird ein paar Wochen vor der Messe bekanntgegeben.<\/p>\n","protected":false},"author":1,"featured_media":0,"parent":0,"menu_order":0,"comment_status":"closed","ping_status":"closed","template":"","meta":{"footnotes":""},"class_list":["post-1014","page","type-page","status-publish","hentry"],"_links":{"self":[{"href":"https:\/\/mindandspiritdays.com\/index.php?rest_route=\/wp\/v2\/pages\/1014","targetHints":{"allow":["GET"]}}],"collection":[{"href":"https:\/\/mindandspiritdays.com\/index.php?rest_route=\/wp\/v2\/pages"}],"about":[{"href":"https:\/\/mindandspiritdays.com\/index.php?rest_route=\/wp\/v2\/types\/page"}],"author":[{"embeddable":true,"href":"https:\/\/mindandspiritdays.com\/index.php?rest_route=\/wp\/v2\/users\/1"}],"replies":[{"embeddable":true,"href":"https:\/\/mindandspiritdays.com\/index.php?rest_route=%2Fwp%2Fv2%2Fcomments&post=1014"}],"version-history":[{"count":2,"href":"https:\/\/mindandspiritdays.com\/index.php?rest_route=\/wp\/v2\/pages\/1014\/revisions"}],"predecessor-version":[{"id":1018,"href":"https:\/\/mindandspiritdays.com\/index.php?rest_route=\/wp\/v2\/pages\/1014\/revisions\/1018"}],"wp:attachment":[{"href":"https:\/\/mindandspiritdays.com\/index.php?rest_route=%2Fwp%2Fv2%2Fmedia&parent=1014"}],"curies":[{"name":"wp","href":"https:\/\/api.w.org\/{rel}","templated":true}]}}